{"id":8786,"date":"2022-07-01T17:00:42","date_gmt":"2022-07-01T15:00:42","guid":{"rendered":"https:\/\/www.papernet.com\/?post_type=product&#038;p=8786"},"modified":"2026-03-26T11:23:09","modified_gmt":"2026-03-26T10:23:09","slug":"maxi-jumborollen-toilettenpapier-416163","status":"publish","type":"product","link":"https:\/\/www.papernet.com\/de\/das-produkte\/toilettenpapier\/maxi-jumbo-toilettenpapier\/416163\/","title":{"rendered":"Maxi Jumborollen &#8211; Toilettenpapier &#8211; 416163"},"featured_media":0,"template":"","meta_box":{"product_label":"Maxi Jumborollen - Toilettenpapier","product_data_id":"4172","product_technology_id":"7829","product_line_id":"","product_sub_id":"7819","product_description":"<p>Dissolve-Tech-Toilettenpapier ist weich und best\u00e4ndig wie herk\u00f6mmliches Toilettenpapier. Dank der TWS (Temporary Wet Strenght)-Technologie, l\u00f6st es sich aber bei Kontakt mit Wasser innerhalb von sechs Sekunden auf und mindert somit das Risiko von Rohrverstopfungen. Es eignet sich vor allem f\u00fcr den Einsatz in Flugzeugen, Z\u00fcgen, Kreuzfahrtschiffen, Campingtoiletten und anderen Bereichen mit geringer Infrastruktur.<\/p>\n","product_certifications_id":[7910],"compatible_dispenser_id":[8422,8392],"alternative_products_id":[],"suggested_activities_id":[],"product_ambients_post_id":[],"technical_information_overwrite":"0","technical_information":{"centerfeed":"Empty","food_contact":"Empty","material":"Empty","color":"Empty","package_pack":"Empty","package_delivery_case":"Empty"}},"_links":{"self":[{"href":"https:\/\/www.papernet.com\/de\/wp-json\/wp\/v2\/product\/8786"}],"collection":[{"href":"https:\/\/www.papernet.com\/de\/wp-json\/wp\/v2\/product"}],"about":[{"href":"https:\/\/www.papernet.com\/de\/wp-json\/wp\/v2\/types\/product"}],"wp:attachment":[{"href":"https:\/\/www.papernet.com\/de\/wp-json\/wp\/v2\/media?parent=8786"}],"curies":[{"name":"wp","href":"https:\/\/api.w.org\/{rel}","templated":true}]}}