{"id":8738,"date":"2022-07-01T17:03:43","date_gmt":"2022-07-01T15:03:43","guid":{"rendered":"https:\/\/www.papernet.com\/?post_type=product&#038;p=8738"},"modified":"2026-03-24T15:13:05","modified_gmt":"2026-03-24T14:13:05","slug":"w-falz-falthandtuecher-416614","status":"publish","type":"product","link":"https:\/\/www.papernet.com\/de\/das-produkte\/falthandtuecher\/w-falz-falthandtuecher\/416614\/","title":{"rendered":"W-Falz Falthandt\u00fccher &#8211; 416614"},"featured_media":0,"template":"","meta_box":{"product_label":"W-Falz Falthandt\u00fccher","product_data_id":"4100","product_technology_id":"","product_line_id":"","product_sub_id":"7821","product_description":"<p>Papernet Falthandt\u00fccher sind die beste L\u00f6sung f\u00fcr wirksames Abtrocknen, womit der Vermehrung von Keimen und Bakterien an den H\u00e4nden entgegengewirkt wird und deren Ausbreitung in der Luft verhindert wird. Die verschiedenen Falztypologien sind auf alle Bed\u00fcrfnisse abgestimmt und reduzieren somit Abfall und die Umweltbelastung.<\/p>\n","product_certifications_id":[7910,7908],"compatible_dispenser_id":[8442,8426],"alternative_products_id":[],"suggested_activities_id":[],"product_ambients_post_id":[],"technical_information_overwrite":"0","technical_information":{"centerfeed":"Empty","food_contact":"Empty","material":"Empty","color":"Empty","package_pack":"Empty","package_delivery_case":"Empty"}},"_links":{"self":[{"href":"https:\/\/www.papernet.com\/de\/wp-json\/wp\/v2\/product\/8738"}],"collection":[{"href":"https:\/\/www.papernet.com\/de\/wp-json\/wp\/v2\/product"}],"about":[{"href":"https:\/\/www.papernet.com\/de\/wp-json\/wp\/v2\/types\/product"}],"wp:attachment":[{"href":"https:\/\/www.papernet.com\/de\/wp-json\/wp\/v2\/media?parent=8738"}],"curies":[{"name":"wp","href":"https:\/\/api.w.org\/{rel}","templated":true}]}}