{"id":8736,"date":"2022-07-01T17:03:33","date_gmt":"2022-07-01T15:03:33","guid":{"rendered":"https:\/\/www.papernet.com\/?post_type=product&#038;p=8736"},"modified":"2026-03-24T15:09:51","modified_gmt":"2026-03-24T14:09:51","slug":"w-falz-falthandtuecher-407552","status":"publish","type":"product","link":"https:\/\/www.papernet.com\/de\/das-produkte\/falthandtuecher\/w-falz-falthandtuecher\/407552\/","title":{"rendered":"W-Falz Falthandt\u00fccher &#8211; 407552"},"featured_media":0,"template":"","meta_box":{"product_label":"W-Falz Falthandt\u00fccher","product_data_id":"4097","product_technology_id":"7830","product_line_id":"","product_sub_id":"7821","product_description":"<p>Dank ihres innovativen und exklusiven Herstellungsprozesses sind Dry-Tech-Falthandt\u00fccher im Vergleich zu herk\u00f6mmlichen Papierhandt\u00fcchern extrem saugstark und rei\u00dffest. Dies macht sie zur perfekten L\u00f6sung f\u00fcr alle Arbeitsbereiche in der Industrie.<\/p>\n","product_certifications_id":[7910],"compatible_dispenser_id":[8442,8426],"alternative_products_id":[],"suggested_activities_id":[],"product_ambients_post_id":[],"technical_information_overwrite":"0","technical_information":{"centerfeed":"Empty","food_contact":"Empty","material":"Empty","color":"Empty","package_pack":"Empty","package_delivery_case":"Empty"}},"_links":{"self":[{"href":"https:\/\/www.papernet.com\/de\/wp-json\/wp\/v2\/product\/8736"}],"collection":[{"href":"https:\/\/www.papernet.com\/de\/wp-json\/wp\/v2\/product"}],"about":[{"href":"https:\/\/www.papernet.com\/de\/wp-json\/wp\/v2\/types\/product"}],"wp:attachment":[{"href":"https:\/\/www.papernet.com\/de\/wp-json\/wp\/v2\/media?parent=8736"}],"curies":[{"name":"wp","href":"https:\/\/api.w.org\/{rel}","templated":true}]}}