{"id":8692,"date":"2022-07-01T17:08:18","date_gmt":"2022-07-01T15:08:18","guid":{"rendered":"https:\/\/www.papernet.com\/?post_type=product&#038;p=8692"},"modified":"2026-03-24T14:54:51","modified_gmt":"2026-03-24T13:54:51","slug":"v-falz-falthandtuecher-416616","status":"publish","type":"product","link":"https:\/\/www.papernet.com\/de\/das-produkte\/falthandtuecher\/v-falz-falthandtuecher\/416616\/","title":{"rendered":"V-Falz Falthandt\u00fccher &#8211; 416616"},"featured_media":0,"template":"","meta_box":{"product_label":"V-Falz Falthandt\u00fccher","product_data_id":"1332","product_technology_id":"7829","product_line_id":"","product_sub_id":"7824","product_description":"<p>Dissolve-Tech-Falthandt\u00fccher garantieren - dank der exklusiven TWS (Temporary Wet Strength)-Technologie - besondere Rei\u00dffestigkeit und eine hohe Wasseraufnahmef\u00e4higkeit. Sie eignen sich insbesondere f\u00fcr hochfrequentierte R\u00e4ume, denn sollten sie versehentlich in die Toilette gelangen, l\u00f6sen sie sich, wie herk\u00f6mmliches Toilettenpapier, in weniger als drei Minuten auf.<\/p>\n","product_certifications_id":[7910],"compatible_dispenser_id":[8416,8390],"alternative_products_id":[],"suggested_activities_id":[],"product_ambients_post_id":[33105,33055,33053],"technical_information_overwrite":"0","technical_information":{"centerfeed":"Empty","food_contact":"Empty","material":"Empty","color":"Empty","package_pack":"Empty","package_delivery_case":"Empty"}},"_links":{"self":[{"href":"https:\/\/www.papernet.com\/de\/wp-json\/wp\/v2\/product\/8692"}],"collection":[{"href":"https:\/\/www.papernet.com\/de\/wp-json\/wp\/v2\/product"}],"about":[{"href":"https:\/\/www.papernet.com\/de\/wp-json\/wp\/v2\/types\/product"}],"wp:attachment":[{"href":"https:\/\/www.papernet.com\/de\/wp-json\/wp\/v2\/media?parent=8692"}],"curies":[{"name":"wp","href":"https:\/\/api.w.org\/{rel}","templated":true}]}}