{"id":8690,"date":"2022-07-01T17:08:09","date_gmt":"2022-07-01T15:08:09","guid":{"rendered":"https:\/\/www.papernet.com\/?post_type=product&#038;p=8690"},"modified":"2026-03-24T14:40:56","modified_gmt":"2026-03-24T13:40:56","slug":"v-falz-falthandtuecher-407572","status":"publish","type":"product","link":"https:\/\/www.papernet.com\/de\/das-produkte\/falthandtuecher\/v-falz-falthandtuecher\/407572\/","title":{"rendered":"V-Falz Falthandt\u00fccher &#8211; 407572"},"featured_media":0,"template":"","meta_box":{"product_label":"V-Falz Falthandt\u00fccher","product_data_id":"4032","product_technology_id":"7844","product_line_id":"","product_sub_id":"7824","product_description":"<p>Bio-Tech-Falthandt\u00fccher bek\u00e4mpfen krankheitserregende Bakterien wirksam und auf nat\u00fcrliche Weise - dank ihrer Biologic-Active-Tissue-Paper-Technologie (BATP).<\/p>\n","product_certifications_id":[7910],"compatible_dispenser_id":[8416,8390],"alternative_products_id":[],"suggested_activities_id":[],"product_ambients_post_id":[],"technical_information_overwrite":"0","technical_information":{"centerfeed":"Empty","food_contact":"Empty","material":"Empty","color":"Empty","package_pack":"Empty","package_delivery_case":"Empty"}},"_links":{"self":[{"href":"https:\/\/www.papernet.com\/de\/wp-json\/wp\/v2\/product\/8690"}],"collection":[{"href":"https:\/\/www.papernet.com\/de\/wp-json\/wp\/v2\/product"}],"about":[{"href":"https:\/\/www.papernet.com\/de\/wp-json\/wp\/v2\/types\/product"}],"wp:attachment":[{"href":"https:\/\/www.papernet.com\/de\/wp-json\/wp\/v2\/media?parent=8690"}],"curies":[{"name":"wp","href":"https:\/\/api.w.org\/{rel}","templated":true}]}}