{"id":8666,"date":"2022-07-01T17:10:27","date_gmt":"2022-07-01T15:10:27","guid":{"rendered":"https:\/\/www.papernet.com\/?post_type=product&#038;p=8666"},"modified":"2026-03-26T10:08:48","modified_gmt":"2026-03-26T09:08:48","slug":"industrieputztuchrollen-418095","status":"publish","type":"product","link":"https:\/\/www.papernet.com\/de\/das-produkte\/wischtuchrollen\/industrie-und-putztuchrollen\/418095\/","title":{"rendered":"Industrieputztuchrollen &#8211; 418095"},"featured_media":0,"template":"","meta_box":{"product_label":"Industrieputztuchrollen","product_data_id":"3998","product_technology_id":"","product_line_id":"","product_sub_id":"7812","product_description":"<p>Papernet Industrierollen eignen sich dank ihrer starken Saugf\u00e4higkeit insbesondere f\u00fcr Arbeitsbereiche, in denen eine gr\u00fcndliche und t\u00e4gliche Reinigung erforderlich ist.<\/p>\n","product_certifications_id":[7910],"compatible_dispenser_id":[8408,8410],"alternative_products_id":[],"suggested_activities_id":[],"product_ambients_post_id":[],"technical_information_overwrite":"0","technical_information":{"centerfeed":"Empty","food_contact":"Empty","material":"Empty","color":"Empty","package_pack":"Empty","package_delivery_case":"Empty"}},"_links":{"self":[{"href":"https:\/\/www.papernet.com\/de\/wp-json\/wp\/v2\/product\/8666"}],"collection":[{"href":"https:\/\/www.papernet.com\/de\/wp-json\/wp\/v2\/product"}],"about":[{"href":"https:\/\/www.papernet.com\/de\/wp-json\/wp\/v2\/types\/product"}],"wp:attachment":[{"href":"https:\/\/www.papernet.com\/de\/wp-json\/wp\/v2\/media?parent=8666"}],"curies":[{"name":"wp","href":"https:\/\/api.w.org\/{rel}","templated":true}]}}