{"id":8642,"date":"2022-07-01T17:23:44","date_gmt":"2022-07-01T15:23:44","guid":{"rendered":"https:\/\/www.papernet.com\/?post_type=product&#038;p=8642"},"modified":"2026-03-26T10:19:36","modified_gmt":"2026-03-26T09:19:36","slug":"industrieputztuchrollen-407557","status":"publish","type":"product","link":"https:\/\/www.papernet.com\/de\/das-produkte\/wischtuchrollen\/industrie-und-putztuchrollen\/407557\/","title":{"rendered":"Industrieputztuchrollen &#8211; 407557"},"featured_media":0,"template":"","meta_box":{"product_label":"Industrieputztuchrollen","product_data_id":"3962","product_technology_id":"7830","product_line_id":"","product_sub_id":"7812","product_description":"<p>Defend-Tech-Putztuchrollen bieten - dank ihrer Formel mit antibakteriellem Wirkstoff - eine im Vergleich zu herk\u00f6mmlichen Produkten h\u00f6here und l\u00e4ngere Desinfektionswirkung. Diese Eigenschaft garantiert eine bessere Desinfizierung von Oberfl\u00e4chen.<\/p>\n","product_certifications_id":[7910],"compatible_dispenser_id":[8408,8410,8488],"alternative_products_id":[],"suggested_activities_id":[],"product_ambients_post_id":[],"technical_information_overwrite":"0","technical_information":{"centerfeed":"Empty","food_contact":"Empty","material":"Empty","color":"Empty","package_pack":"Empty","package_delivery_case":"Empty"}},"_links":{"self":[{"href":"https:\/\/www.papernet.com\/de\/wp-json\/wp\/v2\/product\/8642"}],"collection":[{"href":"https:\/\/www.papernet.com\/de\/wp-json\/wp\/v2\/product"}],"about":[{"href":"https:\/\/www.papernet.com\/de\/wp-json\/wp\/v2\/types\/product"}],"wp:attachment":[{"href":"https:\/\/www.papernet.com\/de\/wp-json\/wp\/v2\/media?parent=8642"}],"curies":[{"name":"wp","href":"https:\/\/api.w.org\/{rel}","templated":true}]}}