{"id":8612,"date":"2022-07-01T17:45:16","date_gmt":"2022-07-01T15:45:16","guid":{"rendered":"https:\/\/www.papernet.com\/?post_type=product&#038;p=8612"},"modified":"2026-03-26T10:20:34","modified_gmt":"2026-03-26T09:20:34","slug":"industrieputztuchrollen-404260","status":"publish","type":"product","link":"https:\/\/www.papernet.com\/de\/das-produkte\/wischtuchrollen\/industrie-und-putztuchrollen\/404260\/","title":{"rendered":"Industrieputztuchrollen &#8211; 404260"},"featured_media":0,"template":"","meta_box":{"product_label":"Industrieputztuchrollen","product_data_id":"3917","product_technology_id":"","product_line_id":"","product_sub_id":"7812","product_description":"<p>Papernet Industrierollen eignen sich dank ihrer starken Saugf\u00e4higkeit insbesondere f\u00fcr Arbeitsbereiche, in denen eine gr\u00fcndliche und t\u00e4gliche Reinigung erforderlich ist.<\/p>\n","product_certifications_id":[7910],"compatible_dispenser_id":[8410,8488,8408],"alternative_products_id":[],"suggested_activities_id":[],"product_ambients_post_id":[],"technical_information_overwrite":"0","technical_information":{"centerfeed":"Empty","food_contact":"Empty","material":"Empty","color":"Empty","package_pack":"Empty","package_delivery_case":"Empty"}},"_links":{"self":[{"href":"https:\/\/www.papernet.com\/de\/wp-json\/wp\/v2\/product\/8612"}],"collection":[{"href":"https:\/\/www.papernet.com\/de\/wp-json\/wp\/v2\/product"}],"about":[{"href":"https:\/\/www.papernet.com\/de\/wp-json\/wp\/v2\/types\/product"}],"wp:attachment":[{"href":"https:\/\/www.papernet.com\/de\/wp-json\/wp\/v2\/media?parent=8612"}],"curies":[{"name":"wp","href":"https:\/\/api.w.org\/{rel}","templated":true}]}}