{"id":26964,"date":"2024-06-17T09:36:43","date_gmt":"2024-06-17T07:36:43","guid":{"rendered":"https:\/\/www.papernet.com\/?post_type=product&#038;p=26964"},"modified":"2026-03-26T10:36:07","modified_gmt":"2026-03-26T09:36:07","slug":"centrefeed-mini-jumborollen-toilettenpapier-422416","status":"publish","type":"product","link":"https:\/\/www.papernet.com\/de\/das-produkte\/toilettenpapier\/mini-jumbo-toilettenpapier\/422416\/","title":{"rendered":"Centrefeed Mini Jumborollen &#8211; Toilettenpapier &#8211; 422416"},"featured_media":0,"template":"","meta_box":{"product_label":"Centrefeed Mini Jumborollen - Toilettenpapier","product_data_id":"25677","product_technology_id":"","product_line_id":"","product_sub_id":"7818","product_description":"<p>Centrefeed Mini Jumbo Toilettenpapier ist dank seiner platzsparenden Gr\u00f6\u00dfe perfekt f\u00fcr kleine R\u00e4ume mit hoher Besucherfrequenz. Dank dieser Eigenschaft lassen sich Kosten optimieren und Papierengp\u00e4sse vermeiden.<\/p>\n","product_certifications_id":[7911,7910],"compatible_dispenser_id":[],"alternative_products_id":[],"suggested_activities_id":[],"product_ambients_post_id":[],"technical_information_overwrite":"0","technical_information":{"centerfeed":"Empty","food_contact":"Empty","material":"Empty","color":"Empty","package_pack":"Empty","package_delivery_case":"Empty"}},"_links":{"self":[{"href":"https:\/\/www.papernet.com\/de\/wp-json\/wp\/v2\/product\/26964"}],"collection":[{"href":"https:\/\/www.papernet.com\/de\/wp-json\/wp\/v2\/product"}],"about":[{"href":"https:\/\/www.papernet.com\/de\/wp-json\/wp\/v2\/types\/product"}],"wp:attachment":[{"href":"https:\/\/www.papernet.com\/de\/wp-json\/wp\/v2\/media?parent=26964"}],"curies":[{"name":"wp","href":"https:\/\/api.w.org\/{rel}","templated":true}]}}