{"id":26220,"date":"2024-04-02T14:24:04","date_gmt":"2024-04-02T12:24:04","guid":{"rendered":"https:\/\/www.papernet.com\/product\/carta-igienica-maxi-jumbo-422415\/"},"modified":"2026-03-26T10:52:36","modified_gmt":"2026-03-26T09:52:36","slug":"carta-igienica-maxi-jumbo-422415","status":"publish","type":"product","link":"https:\/\/www.papernet.com\/de\/das-produkte\/toilettenpapier\/maxi-jumbo-toilettenpapier\/422415\/","title":{"rendered":"Maxi Jumborollen &#8211; 422415"},"featured_media":0,"template":"","meta_box":{"product_label":"Maxi Jumborollen","product_data_id":"25918","product_technology_id":"","product_line_id":"","product_sub_id":"7819","product_description":"<p>Maxi Jumbo Papernet Toilettenpapier ist extrem lang und daher besonders f\u00fcr Toilettenr\u00e4ume mit einer hohen Besucherfrequenz geeignet. Es reduziert zum einen Papierengp\u00e4sse und zum anderen Kosten- und Zeitaufwand f\u00fcr das Wechseln der Rollen.<\/p>\n","product_certifications_id":[7911,7910],"compatible_dispenser_id":[8422,8392],"alternative_products_id":[],"suggested_activities_id":[],"product_ambients_post_id":[],"technical_information_overwrite":"0","technical_information":{"centerfeed":"Empty","food_contact":"Empty","material":"Empty","color":"Empty","package_pack":"Empty","package_delivery_case":"Empty"}},"_links":{"self":[{"href":"https:\/\/www.papernet.com\/de\/wp-json\/wp\/v2\/product\/26220"}],"collection":[{"href":"https:\/\/www.papernet.com\/de\/wp-json\/wp\/v2\/product"}],"about":[{"href":"https:\/\/www.papernet.com\/de\/wp-json\/wp\/v2\/types\/product"}],"wp:attachment":[{"href":"https:\/\/www.papernet.com\/de\/wp-json\/wp\/v2\/media?parent=26220"}],"curies":[{"name":"wp","href":"https:\/\/api.w.org\/{rel}","templated":true}]}}