{"id":26218,"date":"2024-04-02T14:24:04","date_gmt":"2024-04-02T12:24:04","guid":{"rendered":"https:\/\/www.papernet.com\/product\/carta-igienica-maxi-jumbo-422415\/"},"modified":"2024-04-15T12:18:40","modified_gmt":"2024-04-15T10:18:40","slug":"carta-igienica-maxi-jumbo-422415","status":"publish","type":"product","link":"https:\/\/www.papernet.com\/cs\/nase-vyrobky\/toaletni-papir\/toaletni-papir-maxi-jumbo\/422415\/","title":{"rendered":"Toaletn\u00ed Pap\u00edr Maxi Jumbo &#8211; 422415"},"featured_media":0,"template":"","meta_box":{"product_label":"Toaletn\u00ed Pap\u00edr Maxi Jumbo","product_data_id":"25918","product_technology_id":"","product_line_id":"","product_sub_id":"16253","product_description":"<p>Toaletn\u00ed pap\u00edr Maxi Jumbo Papernet je d\u00edky sv\u00e9 zna\u010dn\u00e9 d\u00e9lce ide\u00e1ln\u00ed pro v\u0161echna velmi frekventovan\u00e1 m\u00edsta. Na jedn\u00e9 stran\u011b sni\u017euje riziko vypot\u0159ebov\u00e1n\u00ed pap\u00edru a na druh\u00e9 stran\u011b \u010das a n\u00e1klady spojen\u00e9 s v\u00fdm\u011bnou ruli\u010dky.<\/p>\n","product_certifications_id":[16232,16233],"compatible_dispenser_id":[18534,18700],"alternative_products_id":[],"suggested_activities_id":[],"product_ambients_post_id":[],"technical_information_overwrite":"0","technical_information":{"centerfeed":"Empty","food_contact":"Empty","material":"Empty","color":"Empty","package_pack":"Empty","package_delivery_case":"Empty"}},"_links":{"self":[{"href":"https:\/\/www.papernet.com\/cs\/wp-json\/wp\/v2\/product\/26218"}],"collection":[{"href":"https:\/\/www.papernet.com\/cs\/wp-json\/wp\/v2\/product"}],"about":[{"href":"https:\/\/www.papernet.com\/cs\/wp-json\/wp\/v2\/types\/product"}],"wp:attachment":[{"href":"https:\/\/www.papernet.com\/cs\/wp-json\/wp\/v2\/media?parent=26218"}],"curies":[{"name":"wp","href":"https:\/\/api.w.org\/{rel}","templated":true}]}}