{"id":21583,"date":"2023-03-02T17:01:00","date_gmt":"2023-03-02T16:01:00","guid":{"rendered":"https:\/\/www.papernet.com\/product\/maxi-jumbo-toilet-tissue-420928\/"},"modified":"2023-05-30T23:06:41","modified_gmt":"2023-05-30T21:06:41","slug":"maxi-jumbo-toilet-tissue-420928","status":"publish","type":"product","link":"https:\/\/www.papernet.com\/cs\/nase-vyrobky\/toaletni-papir\/toaletni-papir-maxi-jumbo\/420928\/","title":{"rendered":"Toaletn\u00ed Pap\u00edr Maxi Jumbo &#8211; 420928"},"featured_media":0,"template":"","meta_box":{"product_label":"Toaletn\u00ed Pap\u00edr Maxi Jumbo","product_data_id":"20707","product_technology_id":"","product_line_id":"21646","product_sub_id":"16253","product_description":"<p>Toaletn\u00ed pap\u00edr Maxi Jumbo \u0159ady Simplify, d\u00edky sv\u00e9 d\u00e9lce, dlouho vydr\u017e\u00ed a sni\u017euje tak, na jedn\u00e9 stran\u011b, riziko vy\u010derp\u00e1n\u00ed a, na druh\u00e9 stran\u011b, \u010das a n\u00e1klady spojen\u00e9 s v\u00fdm\u011bnou role. V\u0161e s maxim\u00e1ln\u00ed pozornost\u00ed na udr\u017eitelnost zaru\u010denou uhl\u00edkov\u011b neutr\u00e1ln\u00edm produktem.<\/p>\n","product_certifications_id":[16232,16233],"compatible_dispenser_id":[23245],"alternative_products_id":[],"suggested_activities_id":[],"product_ambients_post_id":[],"technical_information_overwrite":"0","technical_information":{"centerfeed":"Empty","food_contact":"Empty","material":"Empty","color":"Empty","package_pack":"Empty","package_delivery_case":"Empty"}},"_links":{"self":[{"href":"https:\/\/www.papernet.com\/cs\/wp-json\/wp\/v2\/product\/21583"}],"collection":[{"href":"https:\/\/www.papernet.com\/cs\/wp-json\/wp\/v2\/product"}],"about":[{"href":"https:\/\/www.papernet.com\/cs\/wp-json\/wp\/v2\/types\/product"}],"wp:attachment":[{"href":"https:\/\/www.papernet.com\/cs\/wp-json\/wp\/v2\/media?parent=21583"}],"curies":[{"name":"wp","href":"https:\/\/api.w.org\/{rel}","templated":true}]}}