{"id":18856,"date":"2022-11-07T16:56:43","date_gmt":"2022-11-07T15:56:43","guid":{"rendered":"https:\/\/www.papernet.com\/?post_type=product&#038;p=18856"},"modified":"2022-11-07T16:56:43","modified_gmt":"2022-11-07T15:56:43","slug":"bezdotykovy-antibakterialni-zasobnik-na-penove-mydlo-cartridge-419720","status":"publish","type":"product","link":"https:\/\/www.papernet.com\/cs\/nase-vyrobky\/zasobnik\/zasobnik-na-mydlo\/419720\/","title":{"rendered":"Bezdotykov\u00fd antibakteri\u00e1ln\u00ed z\u00e1sobn\u00edk na p\u011bnov\u00e9 m\u00fddlo &#8211; cartridge &#8211; 419720"},"featured_media":0,"template":"","meta_box":{"product_label":"Bezdotykov\u00fd antibakteri\u00e1ln\u00ed z\u00e1sobn\u00edk na p\u011bnov\u00e9 m\u00fddlo - cartridge","product_data_id":"3749","product_technology_id":"16290","product_line_id":"","product_sub_id":"16276","product_description":"<p>\u0160irok\u00e1 \u0159ada antibakteri\u00e1ln\u00edch plastov\u00fdch z\u00e1sobn\u00edk\u016f, u nich\u017e je jednoduchost a elegance zaru\u010dena exkluzivn\u00edm italsk\u00fdm designem, kter\u00fd v\u00e1m umo\u017en\u00ed udr\u017eovat \u010distotu a po\u0159\u00e1dek.<\/p>\n","product_certifications_id":[],"compatible_dispenser_id":[],"alternative_products_id":[],"suggested_activities_id":[],"product_ambients_post_id":[],"technical_information_overwrite":"0","technical_information":{"centerfeed":"Empty","food_contact":"Empty","material":"Empty","color":"Empty","package_pack":"Empty","package_delivery_case":"Empty"}},"_links":{"self":[{"href":"https:\/\/www.papernet.com\/cs\/wp-json\/wp\/v2\/product\/18856"}],"collection":[{"href":"https:\/\/www.papernet.com\/cs\/wp-json\/wp\/v2\/product"}],"about":[{"href":"https:\/\/www.papernet.com\/cs\/wp-json\/wp\/v2\/types\/product"}],"wp:attachment":[{"href":"https:\/\/www.papernet.com\/cs\/wp-json\/wp\/v2\/media?parent=18856"}],"curies":[{"name":"wp","href":"https:\/\/api.w.org\/{rel}","templated":true}]}}