{"id":18826,"date":"2022-11-07T17:01:15","date_gmt":"2022-11-07T16:01:15","guid":{"rendered":"https:\/\/www.papernet.com\/?post_type=product&#038;p=18826"},"modified":"2025-12-09T14:15:10","modified_gmt":"2025-12-09T13:15:10","slug":"bezdotykovy-antibakterialni-zasobnik-universus-419274","status":"publish","type":"product","link":"https:\/\/www.papernet.com\/cs\/nase-vyrobky\/zasobnik\/zasobnik-na-rucniky-v-roli\/419274\/","title":{"rendered":"Bezdotykov\u00fd Antibakteri\u00e1ln\u00ed Z\u00e1sobn\u00edk Universus &#8211; 419274"},"featured_media":0,"template":"","meta_box":{"product_label":"Bezdotykov\u00fd Antibakteri\u00e1ln\u00ed Z\u00e1sobn\u00edk Universus","product_data_id":"3725","product_technology_id":"16290","product_line_id":"","product_sub_id":"16274","product_description":"<p>\u0160irok\u00e1 \u0159ada antibakteri\u00e1ln\u00edch plastov\u00fdch z\u00e1sobn\u00edk\u016f, u nich\u017e je jednoduchost a elegance zaru\u010dena exkluzivn\u00edm italsk\u00fdm designem, kter\u00fd v\u00e1m umo\u017en\u00ed udr\u017eovat \u010distotu a po\u0159\u00e1dek.<br \/>\nKompatibiln\u00ed s jak\u00fdmkoli Ru\u010dn\u00edky v Roli Autocut.<\/p>\n","product_certifications_id":[],"compatible_dispenser_id":[],"alternative_products_id":[],"suggested_activities_id":[],"product_ambients_post_id":[],"technical_information_overwrite":"0","technical_information":{"centerfeed":"Empty","food_contact":"Empty","material":"Empty","color":"Empty","package_pack":"Empty","package_delivery_case":"Empty"}},"_links":{"self":[{"href":"https:\/\/www.papernet.com\/cs\/wp-json\/wp\/v2\/product\/18826"}],"collection":[{"href":"https:\/\/www.papernet.com\/cs\/wp-json\/wp\/v2\/product"}],"about":[{"href":"https:\/\/www.papernet.com\/cs\/wp-json\/wp\/v2\/types\/product"}],"wp:attachment":[{"href":"https:\/\/www.papernet.com\/cs\/wp-json\/wp\/v2\/media?parent=18826"}],"curies":[{"name":"wp","href":"https:\/\/api.w.org\/{rel}","templated":true}]}}