{"id":18582,"date":"2022-11-07T17:49:44","date_gmt":"2022-11-07T16:49:44","guid":{"rendered":"https:\/\/www.papernet.com\/?post_type=product&#038;p=18582"},"modified":"2025-11-25T12:59:02","modified_gmt":"2025-11-25T11:59:02","slug":"prokladane-ubrousky-%c2%bc-416181","status":"publish","type":"product","link":"https:\/\/www.papernet.com\/cs\/nase-vyrobky\/ubrousky\/skladane-ubrousky\/416181\/","title":{"rendered":"Prokl\u00e1dan\u00e9 Ubrousky \u00bc &#8211; 416181"},"featured_media":0,"template":"","meta_box":{"product_label":"Prokl\u00e1dan\u00e9 Ubrousky \u00bc","product_data_id":"4489","product_technology_id":"16284","product_line_id":"","product_sub_id":"16271","product_description":"<p>Jednotliv\u011b skl\u00e1dan\u00e9 ubrousky Papernet jsou vhodn\u00e9 pro ka\u017edou p\u0159\u00edle\u017eitost a jsou vynikaj\u00edc\u00edm spojencem, kter\u00fd v\u00e1m umo\u017en\u00ed personalizovat v\u00e1\u0161 st\u016fl a zajistit jeho funk\u010dnost. Jednor\u00e1zov\u00e9 d\u00e1vkov\u00e1n\u00ed tak\u00e9 pom\u00e1h\u00e1 sni\u017eovat n\u00e1klady na pou\u017e\u00edv\u00e1n\u00ed, proto\u017ee umo\u017e\u0148uje vyjmout v\u017edy jen jeden ubrousek a zabr\u00e1nit tak pl\u00fdtv\u00e1n\u00ed.<\/p>\n","product_certifications_id":[16232,16233,25647],"compatible_dispenser_id":[18684,18694,18686,18758],"alternative_products_id":[],"suggested_activities_id":[],"product_ambients_post_id":[],"technical_information_overwrite":"0","technical_information":{"centerfeed":"Empty","food_contact":"Empty","material":"Empty","color":"Empty","package_pack":"Empty","package_delivery_case":"Empty"}},"_links":{"self":[{"href":"https:\/\/www.papernet.com\/cs\/wp-json\/wp\/v2\/product\/18582"}],"collection":[{"href":"https:\/\/www.papernet.com\/cs\/wp-json\/wp\/v2\/product"}],"about":[{"href":"https:\/\/www.papernet.com\/cs\/wp-json\/wp\/v2\/types\/product"}],"wp:attachment":[{"href":"https:\/\/www.papernet.com\/cs\/wp-json\/wp\/v2\/media?parent=18582"}],"curies":[{"name":"wp","href":"https:\/\/api.w.org\/{rel}","templated":true}]}}