{"id":18552,"date":"2022-11-07T17:56:21","date_gmt":"2022-11-07T16:56:21","guid":{"rendered":"https:\/\/www.papernet.com\/?post_type=product&#038;p=18552"},"modified":"2022-11-07T17:56:21","modified_gmt":"2022-11-07T16:56:21","slug":"antibakterialni-zasobnik-mini-autocut-416155","status":"publish","type":"product","link":"https:\/\/www.papernet.com\/cs\/nase-vyrobky\/zasobnik\/zasobnik-na-rucniky-v-roli\/416155\/","title":{"rendered":"Antibakteri\u00e1ln\u00ed Zasobnik Mini Autocut &#8211; 416155"},"featured_media":0,"template":"","meta_box":{"product_label":"Antibakteri\u00e1ln\u00ed Zasobnik Mini Autocut","product_data_id":"3661","product_technology_id":"16290","product_line_id":"","product_sub_id":"16274","product_description":"<p>\u0160irok\u00e1 \u0159ada antibakteri\u00e1ln\u00edch plastov\u00fdch z\u00e1sobn\u00edk\u016f, u nich\u017e je jednoduchost a elegance zaru\u010dena exkluzivn\u00edm italsk\u00fdm designem, kter\u00fd v\u00e1m umo\u017en\u00ed udr\u017eovat \u010distotu a po\u0159\u00e1dek.<\/p>\n","product_certifications_id":[],"compatible_dispenser_id":[],"alternative_products_id":[],"suggested_activities_id":[],"product_ambients_post_id":[],"technical_information_overwrite":"0","technical_information":{"centerfeed":"Empty","food_contact":"Empty","material":"Empty","color":"Empty","package_pack":"Empty","package_delivery_case":"Empty"}},"_links":{"self":[{"href":"https:\/\/www.papernet.com\/cs\/wp-json\/wp\/v2\/product\/18552"}],"collection":[{"href":"https:\/\/www.papernet.com\/cs\/wp-json\/wp\/v2\/product"}],"about":[{"href":"https:\/\/www.papernet.com\/cs\/wp-json\/wp\/v2\/types\/product"}],"wp:attachment":[{"href":"https:\/\/www.papernet.com\/cs\/wp-json\/wp\/v2\/media?parent=18552"}],"curies":[{"name":"wp","href":"https:\/\/api.w.org\/{rel}","templated":true}]}}