{"id":18374,"date":"2022-11-07T18:29:01","date_gmt":"2022-11-07T17:29:01","guid":{"rendered":"https:\/\/www.papernet.com\/?post_type=product&#038;p=18374"},"modified":"2022-11-07T18:29:01","modified_gmt":"2022-11-07T17:29:01","slug":"skladane-rucniky-v-411167","status":"publish","type":"product","link":"https:\/\/www.papernet.com\/cs\/nase-vyrobky\/skladane-rucniky\/skladane-rucniky-v\/411167\/","title":{"rendered":"Skl\u00e1dan\u00e9 Ru\u010dn\u00edky V &#8211; 411167"},"featured_media":0,"template":"","meta_box":{"product_label":"Skl\u00e1dan\u00e9 Ru\u010dn\u00edky V","product_data_id":"4078","product_technology_id":"16289","product_line_id":"","product_sub_id":"16248","product_description":"<p>Skl\u00e1dan\u00e9 ru\u010dn\u00edky Dissolve Tech zaru\u010duj\u00ed d\u00edky unik\u00e1tn\u00ed technologii TWS (Temporary Wet Strenght) silnou pevnost a vysokou schopnost absorpce vody. Jsou ide\u00e1ln\u00ed pro m\u00edsta s velkou koncentrac\u00ed lid\u00ed, p\u0159i ne\u00famysln\u00e9m spl\u00e1chnut\u00ed do WC se rozpust\u00ed za m\u00e9n\u011b ne\u017e t\u0159i minuty stejn\u011b jako klasick\u00fd toaletn\u00ed pap\u00edr.<\/p>\n","product_certifications_id":[16232,16233],"compatible_dispenser_id":[18528,18698],"alternative_products_id":[],"suggested_activities_id":[],"product_ambients_post_id":[],"technical_information_overwrite":"0","technical_information":{"centerfeed":"Empty","food_contact":"Empty","material":"Empty","color":"Empty","package_pack":"Empty","package_delivery_case":"Empty"}},"_links":{"self":[{"href":"https:\/\/www.papernet.com\/cs\/wp-json\/wp\/v2\/product\/18374"}],"collection":[{"href":"https:\/\/www.papernet.com\/cs\/wp-json\/wp\/v2\/product"}],"about":[{"href":"https:\/\/www.papernet.com\/cs\/wp-json\/wp\/v2\/types\/product"}],"wp:attachment":[{"href":"https:\/\/www.papernet.com\/cs\/wp-json\/wp\/v2\/media?parent=18374"}],"curies":[{"name":"wp","href":"https:\/\/api.w.org\/{rel}","templated":true}]}}