{"id":18368,"date":"2022-11-07T18:33:25","date_gmt":"2022-11-07T17:33:25","guid":{"rendered":"https:\/\/www.papernet.com\/?post_type=product&#038;p=18368"},"modified":"2022-11-07T18:33:25","modified_gmt":"2022-11-07T17:33:25","slug":"kuchynske-uterky-409132","status":"publish","type":"product","link":"https:\/\/www.papernet.com\/cs\/nase-vyrobky\/prumyslova-role\/kuchynske-uterky\/409132\/","title":{"rendered":"Kuchy\u0148sk\u00e9 Ut\u011brky &#8211; 409132"},"featured_media":0,"template":"","meta_box":{"product_label":"Kuchy\u0148sk\u00e9 Ut\u011brky","product_data_id":"3980","product_technology_id":"","product_line_id":"","product_sub_id":"16262","product_description":"<p>Kuchy\u0148sk\u00e9 ut\u011brky Papernet jsou ide\u00e1ln\u00ed pro v\u0161echny prostory, kter\u00e9 neust\u00e1le vy\u017eaduj\u00ed \u00fa\u010dinn\u00fd a praktick\u00fd n\u00e1stroj pro intenzivn\u00ed \u010di\u0161t\u011bn\u00ed.<\/p>\n","product_certifications_id":[],"compatible_dispenser_id":[],"alternative_products_id":[],"suggested_activities_id":[],"product_ambients_post_id":[],"technical_information_overwrite":"0","technical_information":{"centerfeed":"Empty","food_contact":"Empty","material":"Empty","color":"Empty","package_pack":"Empty","package_delivery_case":"Empty"}},"_links":{"self":[{"href":"https:\/\/www.papernet.com\/cs\/wp-json\/wp\/v2\/product\/18368"}],"collection":[{"href":"https:\/\/www.papernet.com\/cs\/wp-json\/wp\/v2\/product"}],"about":[{"href":"https:\/\/www.papernet.com\/cs\/wp-json\/wp\/v2\/types\/product"}],"wp:attachment":[{"href":"https:\/\/www.papernet.com\/cs\/wp-json\/wp\/v2\/media?parent=18368"}],"curies":[{"name":"wp","href":"https:\/\/api.w.org\/{rel}","templated":true}]}}