{"id":18342,"date":"2022-11-07T18:34:06","date_gmt":"2022-11-07T17:34:06","guid":{"rendered":"https:\/\/www.papernet.com\/?post_type=product&#038;p=18342"},"modified":"2022-11-07T18:34:06","modified_gmt":"2022-11-07T17:34:06","slug":"skladane-rucniky-v-407572","status":"publish","type":"product","link":"https:\/\/www.papernet.com\/cs\/nase-vyrobky\/skladane-rucniky\/skladane-rucniky-v\/407572\/","title":{"rendered":"Skl\u00e1dan\u00e9 Ru\u010dn\u00edky V &#8211; 407572"},"featured_media":0,"template":"","meta_box":{"product_label":"Skl\u00e1dan\u00e9 Ru\u010dn\u00edky V","product_data_id":"4032","product_technology_id":"16288","product_line_id":"","product_sub_id":"16248","product_description":"<p>Skl\u00e1dan\u00e9 ru\u010dn\u00edky Bio Tech \u00fa\u010dinn\u011b a p\u0159irozen\u011b bojuj\u00ed proti patogenn\u00edm bakteri\u00edm d\u00edky technologii Biologic Active Tissue Paper (BATP).<\/p>\n","product_certifications_id":[16233],"compatible_dispenser_id":[18528,18698],"alternative_products_id":[],"suggested_activities_id":[],"product_ambients_post_id":[],"technical_information_overwrite":"0","technical_information":{"centerfeed":"Empty","food_contact":"Empty","material":"Empty","color":"Empty","package_pack":"Empty","package_delivery_case":"Empty"}},"_links":{"self":[{"href":"https:\/\/www.papernet.com\/cs\/wp-json\/wp\/v2\/product\/18342"}],"collection":[{"href":"https:\/\/www.papernet.com\/cs\/wp-json\/wp\/v2\/product"}],"about":[{"href":"https:\/\/www.papernet.com\/cs\/wp-json\/wp\/v2\/types\/product"}],"wp:attachment":[{"href":"https:\/\/www.papernet.com\/cs\/wp-json\/wp\/v2\/media?parent=18342"}],"curies":[{"name":"wp","href":"https:\/\/api.w.org\/{rel}","templated":true}]}}