{"id":18336,"date":"2022-11-07T18:38:09","date_gmt":"2022-11-07T17:38:09","guid":{"rendered":"https:\/\/www.papernet.com\/?post_type=product&#038;p=18336"},"modified":"2022-11-07T18:38:09","modified_gmt":"2022-11-07T17:38:09","slug":"toaletni-papir-mini-jumbo-407568","status":"publish","type":"product","link":"https:\/\/www.papernet.com\/cs\/nase-vyrobky\/toaletni-papir\/toaletni-papir-mini-jumbo\/407568\/","title":{"rendered":"Toaletn\u00ed Pap\u00edr Mini Jumbo &#8211; 407568"},"featured_media":0,"template":"","meta_box":{"product_label":"Toaletn\u00ed Pap\u00edr Mini Jumbo","product_data_id":"4209","product_technology_id":"16288","product_line_id":"","product_sub_id":"16257","product_description":"<p>Toaletn\u00ed pap\u00edr Bio Tech d\u00edky technologii Biologic Active Tissue Paper (BATP) \u00fa\u010dinn\u011b a p\u0159irozen\u011b bojuje proti patogenn\u00edm bakteri\u00edm a pom\u00e1h\u00e1 \u010distit potrub\u00ed, kanaliza\u010dn\u00ed syst\u00e9my a septiky. D\u00edky sv\u00fdm vlastnostem je ide\u00e1ln\u00ed pro prost\u0159ed\u00ed s vysokou koncentrac\u00ed lid\u00ed, sni\u017euje riziko ucp\u00e1n\u00ed a minimalizuje n\u00e1klady na mimo\u0159\u00e1dnou \u00fadr\u017ebu.<\/p>\n","product_certifications_id":[16233],"compatible_dispenser_id":[18562,18532],"alternative_products_id":[],"suggested_activities_id":[],"product_ambients_post_id":[],"technical_information_overwrite":"0","technical_information":{"centerfeed":"Empty","food_contact":"Empty","material":"Empty","color":"Empty","package_pack":"Empty","package_delivery_case":"Empty"}},"_links":{"self":[{"href":"https:\/\/www.papernet.com\/cs\/wp-json\/wp\/v2\/product\/18336"}],"collection":[{"href":"https:\/\/www.papernet.com\/cs\/wp-json\/wp\/v2\/product"}],"about":[{"href":"https:\/\/www.papernet.com\/cs\/wp-json\/wp\/v2\/types\/product"}],"wp:attachment":[{"href":"https:\/\/www.papernet.com\/cs\/wp-json\/wp\/v2\/media?parent=18336"}],"curies":[{"name":"wp","href":"https:\/\/api.w.org\/{rel}","templated":true}]}}