{"id":18330,"date":"2022-11-07T18:36:46","date_gmt":"2022-11-07T17:36:46","guid":{"rendered":"https:\/\/www.papernet.com\/?post_type=product&#038;p=18330"},"modified":"2024-09-12T11:37:34","modified_gmt":"2024-09-12T09:37:34","slug":"zdravotni-prosteradla-407564","status":"publish","type":"product","link":"https:\/\/www.papernet.com\/cs\/nase-vyrobky\/zdravotni-prosteradla\/zdravotni-prosteradla\/407564\/","title":{"rendered":"Zdravotn\u00ed Prost\u011bradla &#8211; 407564"},"featured_media":0,"template":"","meta_box":{"product_label":"Zdravotn\u00ed Prost\u011bradla","product_data_id":"4148","product_technology_id":"16290","product_line_id":"","product_sub_id":"16263","product_description":"<p>Zdravotn\u00ed prost\u011bradla Defend Tech jsou ide\u00e1ln\u00ed pro l\u00e9ka\u0159sk\u00e9 ordinace, nemocnice a kosmetick\u00e9 salony. Antibakteri\u00e1ln\u00ed p\u0159\u00edsada v pap\u00edru zaji\u0161\u0165uje nejvy\u0161\u0161\u00ed standardy hygieny.<\/p>\n","product_certifications_id":[16233],"compatible_dispenser_id":[],"alternative_products_id":[],"suggested_activities_id":[],"product_ambients_post_id":[],"technical_information_overwrite":"0","technical_information":{"centerfeed":"Empty","food_contact":"Empty","material":"Empty","color":"Empty","package_pack":"Empty","package_delivery_case":"Empty"}},"_links":{"self":[{"href":"https:\/\/www.papernet.com\/cs\/wp-json\/wp\/v2\/product\/18330"}],"collection":[{"href":"https:\/\/www.papernet.com\/cs\/wp-json\/wp\/v2\/product"}],"about":[{"href":"https:\/\/www.papernet.com\/cs\/wp-json\/wp\/v2\/types\/product"}],"wp:attachment":[{"href":"https:\/\/www.papernet.com\/cs\/wp-json\/wp\/v2\/media?parent=18330"}],"curies":[{"name":"wp","href":"https:\/\/api.w.org\/{rel}","templated":true}]}}