{"id":18282,"date":"2022-11-07T18:47:16","date_gmt":"2022-11-07T17:47:16","guid":{"rendered":"https:\/\/www.papernet.com\/?post_type=product&#038;p=18282"},"modified":"2022-11-07T18:47:16","modified_gmt":"2022-11-07T17:47:16","slug":"skladane-rucniky-z-404912","status":"publish","type":"product","link":"https:\/\/www.papernet.com\/cs\/nase-vyrobky\/skladane-rucniky\/skladane-rucniky-z\/404912\/","title":{"rendered":"Skl\u00e1dan\u00e9 Ru\u010dn\u00edky Z &#8211; 404912"},"featured_media":0,"template":"","meta_box":{"product_label":"Skl\u00e1dan\u00e9 Ru\u010dn\u00edky Z","product_data_id":"4136","product_technology_id":"","product_line_id":"","product_sub_id":"16247","product_description":"<p>Skl\u00e1dan\u00e9 ru\u010dn\u00edky Papernet jsou nejlep\u0161\u00edm \u0159e\u0161en\u00edm pro \u00fa\u010dinn\u00e9 osu\u0161en\u00ed, kter\u00e9 pom\u00e1h\u00e1 omezit \u0161\u00ed\u0159en\u00ed mikrob\u016f a bakteri\u00ed na rukou a zabra\u0148uje jejich rozptylu do okoln\u00edho prost\u0159ed\u00ed. R\u016fzn\u00e9 typy proklad\u016f spl\u0148uj\u00ed v\u0161echny po\u017eadavky a minimalizuj\u00ed odpad a dopad na \u017eivotn\u00ed prost\u0159ed\u00ed.<\/p>\n","product_certifications_id":[16233,16231],"compatible_dispenser_id":[18546,18560,18554,18538],"alternative_products_id":[],"suggested_activities_id":[],"product_ambients_post_id":[],"technical_information_overwrite":"0","technical_information":{"centerfeed":"Empty","food_contact":"Empty","material":"Empty","color":"Empty","package_pack":"Empty","package_delivery_case":"Empty"}},"_links":{"self":[{"href":"https:\/\/www.papernet.com\/cs\/wp-json\/wp\/v2\/product\/18282"}],"collection":[{"href":"https:\/\/www.papernet.com\/cs\/wp-json\/wp\/v2\/product"}],"about":[{"href":"https:\/\/www.papernet.com\/cs\/wp-json\/wp\/v2\/types\/product"}],"wp:attachment":[{"href":"https:\/\/www.papernet.com\/cs\/wp-json\/wp\/v2\/media?parent=18282"}],"curies":[{"name":"wp","href":"https:\/\/api.w.org\/{rel}","templated":true}]}}