{"id":18222,"date":"2022-11-07T18:56:48","date_gmt":"2022-11-07T17:56:48","guid":{"rendered":"https:\/\/www.papernet.com\/?post_type=product&#038;p=18222"},"modified":"2022-11-07T18:56:48","modified_gmt":"2022-11-07T17:56:48","slug":"toaletni-papir-mini-jumbo-402297","status":"publish","type":"product","link":"https:\/\/www.papernet.com\/cs\/nase-vyrobky\/toaletni-papir\/toaletni-papir-mini-jumbo\/402297\/","title":{"rendered":"Toaletn\u00ed Pap\u00edr Mini Jumbo &#8211; 402297"},"featured_media":0,"template":"","meta_box":{"product_label":"Toaletn\u00ed Pap\u00edr Mini Jumbo","product_data_id":"4344","product_technology_id":"","product_line_id":"","product_sub_id":"16257","product_description":"<p>Toaletn\u00ed pap\u00edr Mini Jumbo je d\u00edky sv\u00fdm rozm\u011br\u016fm ide\u00e1ln\u00ed pro mal\u00e9 prostory s velkou koncentrac\u00ed lid\u00ed. Tato jeho zvl\u00e1\u0161tnost umo\u017e\u0148uje optimalizovat n\u00e1klady a sn\u00ed\u017eit riziko vypot\u0159ebov\u00e1n\u00ed.<\/p>\n","product_certifications_id":[16233],"compatible_dispenser_id":[18562,18532],"alternative_products_id":[],"suggested_activities_id":[],"product_ambients_post_id":[],"technical_information_overwrite":"0","technical_information":{"centerfeed":"Empty","food_contact":"Empty","material":"Empty","color":"Empty","package_pack":"Empty","package_delivery_case":"Empty"}},"_links":{"self":[{"href":"https:\/\/www.papernet.com\/cs\/wp-json\/wp\/v2\/product\/18222"}],"collection":[{"href":"https:\/\/www.papernet.com\/cs\/wp-json\/wp\/v2\/product"}],"about":[{"href":"https:\/\/www.papernet.com\/cs\/wp-json\/wp\/v2\/types\/product"}],"wp:attachment":[{"href":"https:\/\/www.papernet.com\/cs\/wp-json\/wp\/v2\/media?parent=18222"}],"curies":[{"name":"wp","href":"https:\/\/api.w.org\/{rel}","templated":true}]}}