{"id":18208,"date":"2022-11-07T18:59:44","date_gmt":"2022-11-07T17:59:44","guid":{"rendered":"https:\/\/www.papernet.com\/?post_type=product&#038;p=18208"},"modified":"2022-11-07T18:59:44","modified_gmt":"2022-11-07T17:59:44","slug":"toaletni-papir-maxi-jumbo-401849","status":"publish","type":"product","link":"https:\/\/www.papernet.com\/cs\/nase-vyrobky\/toaletni-papir\/toaletni-papir-maxi-jumbo\/401849\/","title":{"rendered":"Toaletn\u00ed Pap\u00edr Maxi Jumbo &#8211; 401849"},"featured_media":0,"template":"","meta_box":{"product_label":"Toaletn\u00ed Pap\u00edr Maxi Jumbo","product_data_id":"4356","product_technology_id":"","product_line_id":"","product_sub_id":"16253","product_description":"<p>Toaletn\u00ed pap\u00edr Maxi Jumbo Papernet je d\u00edky sv\u00e9 zna\u010dn\u00e9 d\u00e9lce ide\u00e1ln\u00ed pro v\u0161echna velmi frekventovan\u00e1 m\u00edsta. Na jedn\u00e9 stran\u011b sni\u017euje riziko vypot\u0159ebov\u00e1n\u00ed pap\u00edru a na druh\u00e9 stran\u011b \u010das a n\u00e1klady spojen\u00e9 s v\u00fdm\u011bnou ruli\u010dky.<\/p>\n","product_certifications_id":[16233],"compatible_dispenser_id":[18534,18700],"alternative_products_id":[],"suggested_activities_id":[],"product_ambients_post_id":[],"technical_information_overwrite":"0","technical_information":{"centerfeed":"Empty","food_contact":"Empty","material":"Empty","color":"Empty","package_pack":"Empty","package_delivery_case":"Empty"}},"_links":{"self":[{"href":"https:\/\/www.papernet.com\/cs\/wp-json\/wp\/v2\/product\/18208"}],"collection":[{"href":"https:\/\/www.papernet.com\/cs\/wp-json\/wp\/v2\/product"}],"about":[{"href":"https:\/\/www.papernet.com\/cs\/wp-json\/wp\/v2\/types\/product"}],"wp:attachment":[{"href":"https:\/\/www.papernet.com\/cs\/wp-json\/wp\/v2\/media?parent=18208"}],"curies":[{"name":"wp","href":"https:\/\/api.w.org\/{rel}","templated":true}]}}