{"id":18186,"date":"2022-11-07T19:08:18","date_gmt":"2022-11-07T18:08:18","guid":{"rendered":"https:\/\/www.papernet.com\/?post_type=product&#038;p=18186"},"modified":"2022-11-07T19:08:18","modified_gmt":"2022-11-07T18:08:18","slug":"rucniky-v-roli-centrefeed-401596","status":"publish","type":"product","link":"https:\/\/www.papernet.com\/cs\/nase-vyrobky\/rucniky-v-roli\/rucniky-v-roli-centerfeed\/401596\/","title":{"rendered":"Ru\u010dn\u00edky v Roli Centrefeed &#8211; 401596"},"featured_media":0,"template":"","meta_box":{"product_label":"Ru\u010dn\u00edky v Roli Centrefeed","product_data_id":"3767","product_technology_id":"","product_line_id":"","product_sub_id":"16260","product_description":"<p>Pap\u00edrov\u00e9 ru\u010dn\u00edky v roli se st\u0159edov\u00fdm odv\u00edjen\u00edm Papernet sni\u017euj\u00ed provozn\u00ed n\u00e1klady, nebo\u0165 speci\u00e1ln\u00ed z\u00e1sobn\u00edky umo\u017e\u0148uj\u00ed jejich odeb\u00edr\u00e1n\u00ed po jednotliv\u00e9m \u00fatr\u017ec\u00edch, co\u017e zabra\u0148uje pl\u00fdtv\u00e1n\u00ed. D\u00edky sv\u00fdm vlastnostem jsou ide\u00e1ln\u00ed pro zaji\u0161t\u011bn\u00ed \u010distoty a hygieny ve v\u0161ech profesion\u00e1ln\u00edch prost\u0159ed\u00edch.<\/p>\n","product_certifications_id":[16233],"compatible_dispenser_id":[18530,18704,18570],"alternative_products_id":[],"suggested_activities_id":[],"product_ambients_post_id":[],"technical_information_overwrite":"0","technical_information":{"centerfeed":"Empty","food_contact":"Empty","material":"Empty","color":"Empty","package_pack":"Empty","package_delivery_case":"Empty"}},"_links":{"self":[{"href":"https:\/\/www.papernet.com\/cs\/wp-json\/wp\/v2\/product\/18186"}],"collection":[{"href":"https:\/\/www.papernet.com\/cs\/wp-json\/wp\/v2\/product"}],"about":[{"href":"https:\/\/www.papernet.com\/cs\/wp-json\/wp\/v2\/types\/product"}],"wp:attachment":[{"href":"https:\/\/www.papernet.com\/cs\/wp-json\/wp\/v2\/media?parent=18186"}],"curies":[{"name":"wp","href":"https:\/\/api.w.org\/{rel}","templated":true}]}}