{"id":16181,"date":"2022-04-11T17:20:24","date_gmt":"2022-04-11T15:20:24","guid":{"rendered":"https:\/\/www.papernet.com\/privacy-policy\/"},"modified":"2022-11-14T12:16:45","modified_gmt":"2022-11-14T11:16:45","slug":"privacy-policy","status":"publish","type":"page","link":"https:\/\/www.papernet.com\/cs\/zasady-ochrany-osobnich-udaju\/","title":{"rendered":"Z\u00e1sady Ochrany Osobn\u00edch \u00dadaj\u016f"},"content":{"rendered":"\n<div style=\"height:70px\" aria-hidden=\"true\" class=\"wp-block-spacer\"><\/div>\n\n\n\n<h2 class=\"has-text-align-center has-large-font-size\"><strong>Z\u00e1sady Ochrany Osobn\u00edch \u00dadaj\u016f<\/strong><\/h2>\n\n\n\n<div style=\"height:50px\" aria-hidden=\"true\" class=\"wp-block-spacer\"><\/div>\n\n\n\n<p><em>V\u00e1\u017een\u00ed u\u017eivatel\u00e9,<\/em><em><\/em><\/p>\n\n\n\n<p><em>spole\u010dnost Sofidel respektuje va\u0161e soukrom\u00ed a chr\u00e1n\u00ed va\u0161e osobn\u00ed \u00fadaje.<\/em><em><\/em><\/p>\n\n\n\n<p><em>N\u00ed\u017ee naleznete informa\u010dn\u00ed sd\u011blen\u00ed vypracovan\u00e9 v souladu s \u010dl\u00e1nky 13 a 14 evropsk\u00e9ho na\u0159\u00edzen\u00ed \u010d. 679\/2016 o ochran\u011b osobn\u00edch \u00fadaj\u016f (d\u00e1le jen \u201ena\u0159\u00edzen\u00ed\u201c), kter\u00e9 se t\u00fdk\u00e1 zpracov\u00e1n\u00ed va\u0161ich osobn\u00edch \u00fadaj\u016f, je\u017e n\u00e1m poskytnete p\u0159i prohl\u00ed\u017een\u00ed na\u0161ich webov\u00fdch str\u00e1nek a\/nebo vyu\u017e\u00edv\u00e1n\u00ed slu\u017eeb na nich obsa\u017een\u00fdch.<\/em><em><\/em><\/p>\n\n\n\n<p><em>N\u00ed\u017ee jsou pops\u00e1na obecn\u00e1 pravidla pro zpracov\u00e1n\u00ed \u00fadaj\u016f, pravidla pro soubory cookie a zp\u016fsoby, jak\u00fdmi je v\u017edy mo\u017en\u00e9 odvolat souhlas s ur\u010dit\u00fdm zpracov\u00e1n\u00edm osobn\u00edch \u00fadaj\u016f.<\/em><em>Spole\u010dnost Sofidel bude va\u0161e osobn\u00ed \u00fadaje zpracov\u00e1vat v souladu se z\u00e1sadami z\u00e1kona a na\u0159\u00edzen\u00ed. Upozor\u0148ujeme, \u017ee zpracov\u00e1n\u00edm osobn\u00edch \u00fadaj\u016f se rozum\u00ed jak\u00e1koli operace nebo soubor operac\u00ed, kter\u00e9 se s osobn\u00edmi \u00fadaji prov\u00e1d\u011bj\u00ed, a\u0165 u\u017e prost\u0159ednictv\u00edm automatick\u00fdch prost\u0159edk\u016f nebo ne, jako jsou shroma\u017e\u010fov\u00e1n\u00ed, zaznamen\u00e1v\u00e1n\u00ed, uspo\u0159\u00e1d\u00e1v\u00e1n\u00ed, strukturov\u00e1n\u00ed, uchov\u00e1v\u00e1n\u00ed, p\u0159izp\u016fsobov\u00e1n\u00ed nebo pozm\u011b\u0148ov\u00e1n\u00ed, vyhled\u00e1v\u00e1n\u00ed, nahl\u00ed\u017een\u00ed, pou\u017e\u00edv\u00e1n\u00ed, zve\u0159ej\u0148ov\u00e1n\u00ed p\u0159enosem, \u0161\u00ed\u0159en\u00ed nebo jak\u00e1koliv jin\u00e1 forma zp\u0159\u00edstupn\u011bn\u00ed, porovn\u00e1n\u00ed nebo propojen\u00ed, omezen\u00ed, vymaz\u00e1n\u00ed nebo likvidace.<\/em><\/p>\n\n\n\n<p><strong>1.  SPR\u00c1VCE \u00daDAJ\u016e A POV\u011a\u0158ENEC PRO OCHRANU OSOBN\u00cdCH \u00daDAJ\u016e<br><\/strong>Spr\u00e1vcem \u00fadaj\u016f je spole\u010dnost Sofidel S.p.A., se s\u00eddlem na adrese Via G. Lazzareschi n. 23 &#8211; 55016 Porcari (okres Lucca) (d\u00e1le \u201espr\u00e1vce \u00fadaj\u016f\u201c nebo \u201eSofidel\u201c), kterou lze kontaktovat na e-mailov\u00e9 adrese <a rel=\"noreferrer noopener\" href=\"mailto:gdpr.holding@sofidel.com\" target=\"_blank\">gdpr.holding@sofidel.com<\/a>.<br>Spr\u00e1vce \u00fadaj\u016f jmenoval pov\u011b\u0159ence pro ochranu \u00fadaj\u016f (<strong>\u201eData Protection Officer\u201c \u010di \u201eDPO\u201c<\/strong>), kter\u00e9ho lze kontaktovat na adrese <a rel=\"noreferrer noopener\" href=\"mailto:dpo.holding@sofidel.com\" target=\"_blank\">dpo.holding@sofidel.com<\/a>.<br><\/p>\n\n\n\n<p><strong>2. KATEGORIE A TYPY ZPRACOV\u00c1VAN\u00ddCH OSOBN\u00cdCH \u00daDAJ\u016e<\/strong><br>Pou\u017e\u00edv\u00e1n\u00edm str\u00e1nek <a href=\"http:\/\/www.papernet.com\" target=\"_blank\" rel=\"noreferrer noopener\">www.papernet.com<\/a>, <a href=\"http:\/\/www.sofidel.com\" target=\"_blank\" rel=\"noreferrer noopener\">www.sofidel.com<\/a>, www.micurodite.it (d\u00e1le pro stru\u010dnost jen \u201estr\u00e1nky\u201c) m\u016f\u017ee spr\u00e1vce \u00fadaj\u016f shroma\u017e\u010fovat a zpracov\u00e1vat n\u00e1sleduj\u00edc\u00ed osobn\u00ed \u00fadaje:<\/p>\n\n\n\n<p><span style=\"text-decoration: underline\" class=\"underline\"><strong><em>a.<strong><em><u>  Naviga\u010dn\u00ed \u00fadaje<\/u><\/em><\/strong><\/em><\/strong><br><\/span>M\u00e1me na mysli v\u0161echny parametry t\u00fdkaj\u00edc\u00ed se opera\u010dn\u00edho syst\u00e9mu a po\u010d\u00edta\u010dov\u00e9ho prost\u0159ed\u00ed, kter\u00e9 pou\u017e\u00edv\u00e1te, v\u010detn\u011b IP adresy, polohy (zem\u011b), dom\u00e9nov\u00fdch jmen po\u010d\u00edta\u010d\u016f, adres URI (Uniform Resource Identifier) zdroj\u016f po\u017eadovan\u00fdch na str\u00e1nk\u00e1ch, \u010dasu po\u017eadavk\u016f, metody pou\u017e\u00edvan\u00e9 k odes\u00edl\u00e1n\u00ed po\u017eadavk\u016f na server, velikosti souboru z\u00edskan\u00e9ho jako odpov\u011b\u010f na po\u017eadavek, \u010d\u00edseln\u00e9ho k\u00f3du ozna\u010duj\u00edc\u00edho stav odpov\u011bdi poskytnut\u00e9 serverem (\u00fasp\u011b\u0161n\u00e1, chybov\u00e1 atd.), atd. Jedn\u00e1 se o informace, kter\u00e9 shroma\u017e\u010fuj\u00ed webov\u00e9 str\u00e1nky a kter\u00e9 umo\u017e\u0148uj\u00ed jejich provoz.<\/p>\n\n\n\n<p>Informujeme v\u00e1s, \u017ee tyto osobn\u00ed \u00fadaje jsou spr\u00e1vcem \u00fadaj\u016f pou\u017e\u00edv\u00e1ny v\u00fdhradn\u011b za \u00fa\u010delem z\u00edsk\u00e1n\u00ed anonymn\u00edch statistick\u00fdch informac\u00ed o pou\u017e\u00edv\u00e1n\u00ed webov\u00fdch str\u00e1nek, jako\u017e i za \u00fa\u010delem kontroly jejich spr\u00e1vn\u00e9ho fungov\u00e1n\u00ed a zji\u0161t\u011bn\u00ed p\u0159\u00edpadn\u00fdch poruch a\/nebo zneu\u017eit\u00ed.<\/p>\n\n\n\n<p>Tyto osobn\u00ed \u00fadaje jsou po zpracov\u00e1n\u00ed okam\u017eit\u011b vymaz\u00e1ny, pokud nen\u00ed nutn\u00e9 identifikovat odpov\u011bdn\u00e9 osoby v p\u0159\u00edpad\u011b hypotetick\u00fdch po\u010d\u00edta\u010dov\u00fdch trestn\u00fdch \u010din\u016f na \u00fakor webov\u00fdch str\u00e1nek nebo t\u0159et\u00edch stran.<\/p>\n\n\n\n<p><em><span style=\"text-decoration: underline\" class=\"underline\"><strong>b. <strong><em><u>\u00dadaje dobrovoln\u011b poskytnut\u00e9 u\u017eivatelem<\/u><\/em><\/strong><\/strong><br><\/span><\/em>M\u00e1me na mysli osobn\u00ed \u00fadaje, kter\u00e9 dobrovoln\u011b zad\u00e1v\u00e1te do <em>formul\u00e1\u0159\u016f<\/em> pro sb\u011br informac\u00ed, je\u017e se mohou na str\u00e1nk\u00e1ch nach\u00e1zet, jako je nap\u0159\u00edklad formul\u00e1\u0159 \u017e\u00e1dosti o informace v sekci \u201eKontaktujte n\u00e1s\u201c, prost\u0159ednictv\u00edm kter\u00e9ho budete po\u017e\u00e1d\u00e1ni o zad\u00e1n\u00ed sv\u00fdch kontaktn\u00edch \u00fadaj\u016f, jako jsou nap\u0159\u00edklad va\u0161e jm\u00e9no, p\u0159\u00edjmen\u00ed, m\u011bsto a\/nebo okres bydli\u0161t\u011b, e-mailov\u00e1 adresa a\/nebo telefonn\u00ed \u010d\u00edslo, jako\u017e i osobn\u00ed \u00fadaje, kter\u00e9 n\u00e1m m\u016f\u017eete poskytnout v souvislosti se \u017e\u00e1dostmi o informace zaslan\u00fdmi na e-mailov\u00e9 adresy z\u00e1kaznick\u00e9ho servisu spr\u00e1vce \u00fadaj\u016f zve\u0159ejn\u011bn\u00e9 na str\u00e1nk\u00e1ch.<\/p>\n\n\n\n<p><em><strong><span style=\"text-decoration: underline\" class=\"underline\">c. <strong><em><u>\u00dadaje zpracov\u00e1van\u00e9 na z\u00e1klad\u011b slu\u017eeb poskytovan\u00fdch onlin<\/u><\/em><\/strong><br><\/span><\/strong><\/em>Ani\u017e je dot\u010den odkaz na konkr\u00e9tn\u00ed informace, kter\u00e9 mohou b\u00fdt k dispozici v r\u016fzn\u00fdch sekc\u00edch webov\u00fdch str\u00e1nek, vztahuje se tento dokument tak\u00e9 na zpracov\u00e1n\u00ed \u00fadaj\u016f, kter\u00e9 poskytnete dobrovoln\u011b za \u00fa\u010delem prov\u00e1d\u011bn\u00ed slu\u017eeb poskytovan\u00fdch online. Odkazujeme nap\u0159\u00edklad na slu\u017ebu registrace a p\u0159\u00edstup do va\u0161\u00ed osobn\u00ed oblasti, ve kter\u00e9 budou zpracov\u00e1v\u00e1ny va\u0161e soukrom\u00e9 \u00fadaje, jako jsou osobn\u00ed a kontaktn\u00ed \u00fadaje.<\/p>\n\n\n\n<p><em><strong><span style=\"text-decoration: underline\" class=\"underline\">d. <em>Soubory cookie<\/em><br><\/span><\/strong><\/em>Klikn\u011bte <a href=\"https:\/\/www.papernet.com\/cs\/zasady-pouzivani-souboru-cookie\/\" data-type=\"URL\" data-id=\"https:\/\/www.papernet.com\/cs\/zasady-pouzivani-souboru-cookie\/\">zde<\/a>\u00a0pro z\u00e1sady pou\u017e\u00edv\u00e1n\u00ed soubor\u016f cookie.<br><\/p>\n\n\n\n<p><strong>3. \u00da\u010cELY ZPRACOV\u00c1N\u00cd<br><\/strong>Va\u0161e osobn\u00ed \u00fadaje budou v p\u0159\u00edpad\u011b pot\u0159eby zpracov\u00e1v\u00e1ny s va\u0161\u00edm souhlasem pro n\u00e1sleduj\u00edc\u00ed \u00fa\u010dely:<\/p>\n\n\n\n<p>a) umo\u017enit navigaci na str\u00e1nk\u00e1ch a poskytovat slu\u017eby, jako jsou mimo jin\u00e9 \u00fa\u010dast v sout\u011b\u017ei o ceny, losov\u00e1n\u00ed o ceny podle pravidel sout\u011b\u017ee \u0159\u00e1dn\u011b zve\u0159ejn\u011bn\u00fdch spr\u00e1vcem \u00fadaj\u016f na p\u0159\u00edslu\u0161n\u00e9 str\u00e1nce, v\u010detn\u011b spr\u00e1vy bezpe\u010dnostn\u00edch profil\u016f;<br><br>b) odpov\u00eddat na va\u0161e \u017e\u00e1dosti podan\u00e9 prost\u0159ednictv\u00edm p\u0159\u00edslu\u0161n\u00fdch formul\u00e1\u0159\u016f dostupn\u00fdch na webov\u00fdch str\u00e1nk\u00e1ch nebo prost\u0159ednictv\u00edm e-mailov\u00fdch adres z\u00e1kaznick\u00e9ho servisu zve\u0159ejn\u011bn\u00fdch na webov\u00fdch str\u00e1nk\u00e1ch;<br><br>c) zas\u00edlat v\u00e1m s va\u0161\u00edm souhlasem propaga\u010dn\u00ed a marketingov\u00e1 sd\u011blen\u00ed, v\u010detn\u011b newsletter\u016f, propaga\u010dn\u00edch nab\u00eddek, obchodn\u00edch akc\u00ed, reklamn\u00edch materi\u00e1l\u016f, p\u0159\u00edm\u00e9ho prodeje a pr\u016fzkumu trhu, o produktech a slu\u017eb\u00e1ch spr\u00e1vce \u00fadaj\u016f a\/nebo obchodn\u00edch partner\u016f, jako\u017e i pozv\u00e1nky na akce a iniciativy po\u0159\u00e1dan\u00e9 spr\u00e1vcem \u00fadaj\u016f nebo spole\u010dnostmi skupiny, a to automatizovan\u00fdmi prost\u0159edky (SMS, MMS, e-mail, automatizovan\u00e9 syst\u00e9my vol\u00e1n\u00ed bez oper\u00e1tora, vyu\u017eit\u00ed soci\u00e1ln\u00edch s\u00edt\u00ed, push notifikace, WhatsApp, fax) i neautomatizovan\u00fdmi prost\u0159edky (b\u011b\u017en\u00e1 po\u0161ta, telefonick\u00e9 hovory s oper\u00e1torem);<br><br>d) analyzovat s va\u0161\u00edm souhlasem va\u0161e n\u00e1kupn\u00ed volby a preference chov\u00e1n\u00ed, aby bylo mo\u017en\u00e9 l\u00e9pe strukturovat personalizovan\u00e1 sd\u011blen\u00ed a obchodn\u00ed n\u00e1vrhy, prov\u00e1d\u011bt obecn\u00e9 anal\u00fdzy pro \u00fa\u010dely strategick\u00e9 orientace a obchodn\u00edho zpravodajstv\u00ed a obecn\u011b pro \u010dinnosti profilov\u00e1n\u00ed;<br><br>e) pro \u00fa\u010dely statistick\u00e9ho vyhodnocov\u00e1n\u00ed a monitorov\u00e1n\u00ed; tento \u00fa\u010del zahrnuje anal\u00fdzu souhrnn\u00fdch informac\u00ed, kter\u00e9 se net\u00fdkaj\u00ed identifikovan\u00fdch nebo identifikovateln\u00fdch fyzick\u00fdch osob, a kter\u00e9 proto nep\u0159edstavuj\u00ed osobn\u00ed \u00fadaje a neumo\u017e\u0148uj\u00ed spr\u00e1vci \u00fadaj\u016f \u017e\u00e1dn\u00fdm zp\u016fsobem zjistit va\u0161i toto\u017enost;<br><br>f) spln\u011bn\u00ed p\u0159\u00edpadn\u00fdch povinnost\u00ed vypl\u00fdvaj\u00edc\u00edch z platn\u00fdch z\u00e1kon\u016f, na\u0159\u00edzen\u00ed nebo pr\u00e1vn\u00edch p\u0159edpis\u016f EU nebo vyhov\u011bn\u00ed \u017e\u00e1dostem \u00fa\u0159ad\u016f;<br><br>g) v p\u0159\u00edpad\u011b, \u017ee je to nezbytn\u00e9 pro zji\u0161t\u011bn\u00ed, uplatn\u011bn\u00ed nebo obhajobu pr\u00e1va u soudu.<br><\/p>\n\n\n\n<p><strong>4. PR\u00c1VN\u00cd Z\u00c1KLAD A POVINN\u00c1 NEBO NEPOVINN\u00c1 POVAHA ZPRACOV\u00c1N\u00cd<br><\/strong>Pr\u00e1vn\u00edm z\u00e1kladem pro zpracov\u00e1n\u00ed osobn\u00edch \u00fadaj\u016f pro \u00fa\u010dely uveden\u00e9 v p\u00edsmenech a) a b) je \u010dl. 6 odst. 1 p\u00edsm. b) na\u0159\u00edzen\u00ed, nebo\u0165 zpracov\u00e1n\u00ed je nezbytn\u00e9 pro poskytnut\u00ed v\u00e1mi po\u017eadovan\u00fdch slu\u017eeb. Poskytnut\u00ed osobn\u00edch \u00fadaj\u016f pro tyto \u00fa\u010dely nen\u00ed povinn\u00e9, ale jejich neposkytnut\u00ed by m\u011blo za n\u00e1sledek neumo\u017en\u011bn\u00ed p\u0159\u00edstupu k po\u017eadovan\u00fdm slu\u017eb\u00e1m.<br>Zpracov\u00e1n\u00ed pro \u00fa\u010dely marketingu a profilov\u00e1n\u00ed popsan\u00e9 pod p\u00edsmeny c) a d) je zalo\u017eeno na ud\u011blen\u00ed va\u0161eho souhlasu podle \u010dl. 6 odst. 1 p\u00edsm. a). V\u00e1\u0161 souhlas lze kdykoli odvolat. Poskytnut\u00ed va\u0161ich osobn\u00edch \u00fadaj\u016f pro tyto \u00fa\u010dely je proto zcela dobrovoln\u00e9 a nem\u00e1 vliv na vyu\u017e\u00edv\u00e1n\u00ed ostatn\u00edch slu\u017eeb nab\u00edzen\u00fdch na t\u011bchto str\u00e1nk\u00e1ch. Pokud jde o marketingov\u00e9 \u00fa\u010dely, je t\u0159eba poznamenat, \u017ee spr\u00e1vce \u00fadaj\u016f shroma\u017e\u010fuje jedin\u00fd souhlas pro zde popsan\u00e9 marketingov\u00e9 \u00fa\u010dely v souladu s obecn\u00fdm ustanoven\u00edm garanta pro ochranu osobn\u00edch \u00fadaj\u016f\u201ePokyny pro propaga\u010dn\u00ed \u010dinnost a boj proti spamu\u201c ze dne 4. \u010dervence 2013. Pokud si p\u0159esto p\u0159ejete vzn\u00e9st n\u00e1mitku proti zpracov\u00e1n\u00ed va\u0161ich \u00fadaj\u016f pro marketingov\u00e9 \u00fa\u010dely nebo pro \u00fa\u010dely profilov\u00e1n\u00ed, m\u016f\u017eete to kdykoli u\u010dinit tak, \u017ee se obr\u00e1t\u00edte na spr\u00e1vce \u00fadaj\u016f na adres\u00e1ch uveden\u00fdch v \u010d\u00e1sti \u201eKontakt\u201c tohoto ozn\u00e1men\u00ed.<\/p>\n\n\n\n<p>Z\u00e1v\u011brem je t\u0159eba poznamenat, \u017ee zpracov\u00e1n\u00ed uveden\u00e9 v p\u00edsmenu e), jeliko\u017e se net\u00fdk\u00e1 osobn\u00edch \u00fadaj\u016f, nespad\u00e1 do oblasti p\u016fsobnosti pr\u00e1vn\u00edch p\u0159edpis\u016f o ochran\u011b osobn\u00edch \u00fadaj\u016f a spr\u00e1vce \u00fadaj\u016f jej proto m\u016f\u017ee voln\u011b prov\u00e1d\u011bt.<\/p>\n\n\n\n<p>\u00da\u010del uveden\u00fd pod p\u00edsmenem f) p\u0159edstavuje opr\u00e1vn\u011bn\u00e9 zpracov\u00e1n\u00ed osobn\u00edch \u00fadaj\u016f ve smyslu \u010dl. 6 odst. 1 p\u00edsm. c) na\u0159\u00edzen\u00ed.<\/p>\n\n\n\n<p>Zpracov\u00e1n\u00ed prov\u00e1d\u011bn\u00e9 pro \u00fa\u010dely uveden\u00e9 v p\u00edsmenu g) je zalo\u017eeno na opr\u00e1vn\u011bn\u00e9m z\u00e1jmu spr\u00e1vce \u00fadaj\u016f ve smyslu \u010dl. 6 odst. 1 p\u00edsm. e) na\u0159\u00edzen\u00ed.<br><\/p>\n\n\n\n<p><strong>5. P\u0158\u00cdJEMCI OSOBN\u00cdCH \u00daDAJ\u016e<br><\/strong>Va\u0161e osobn\u00ed \u00fadaje mohou b\u00fdt pro uveden\u00e9 \u00fa\u010dely sd\u00edleny s n\u00e1sleduj\u00edc\u00edmi p\u0159\u00edjemci:<\/p>\n\n\n\n<ul><li>Osoby, kter\u00e9 obvykle jednaj\u00ed jako zpracovatel\u00e9 \u00fadaj\u016f podle \u010dl\u00e1nku 28 na\u0159\u00edzen\u00ed jm\u00e9nem spr\u00e1vce \u00fadaj\u016f, a to zejm\u00e9na: osoby pov\u011b\u0159en\u00e9 poskytov\u00e1n\u00edm slu\u017eeb (nap\u0159. poskytovatel\u00e9 dom\u00e9n nebo poskytovatel\u00e9 e-mailov\u00fdch platforem); osoby opr\u00e1vn\u011bn\u00e9 prov\u00e1d\u011bt technickou \u00fadr\u017ebu (v\u010detn\u011b \u00fadr\u017eby s\u00ed\u0165ov\u00fdch za\u0159\u00edzen\u00ed a s\u00edt\u00ed elektronick\u00fdch komunikac\u00ed) atd. \u00dapln\u00fd seznam zpracovatel\u016f \u00fadaj\u016f je k dispozici po zasl\u00e1n\u00ed p\u00edsemn\u00e9 \u017e\u00e1dosti spr\u00e1vci \u00fadaj\u016f na adresy uveden\u00e9 v \u010d\u00e1sti \u201eKontakty\u201c t\u011bchto z\u00e1sad.<\/li><li>Osoby pov\u011b\u0159en\u00e9 spr\u00e1vcem \u00fadaj\u016f ke zpracov\u00e1n\u00ed osobn\u00edch \u00fadaj\u016f, kter\u00e9 jsou nezbytn\u00e9 pro v\u00fdkon \u010dinnost\u00ed \u00fazce souvisej\u00edc\u00edch s poskytov\u00e1n\u00edm slu\u017eeb, kter\u00e9 se zav\u00e1zaly k ml\u010denlivosti nebo maj\u00ed p\u0159\u00edslu\u0161nou z\u00e1konnou povinnost ml\u010denlivosti.<\/li><li>Subjekty, org\u00e1ny nebo \u00fa\u0159ady, kter\u00fdm je povinn\u00e9 sd\u011blovat va\u0161e osobn\u00ed \u00fadaje na z\u00e1klad\u011b z\u00e1konn\u00fdch ustanoven\u00ed nebo p\u0159\u00edkaz\u016f \u00fa\u0159ad\u016f;<\/li><li>Va\u0161e \u00fadaje mohou b\u00fdt zp\u0159\u00edstupn\u011bny dal\u0161\u00edm spole\u010dnostem ve skupin\u011b Sofidel pro stejn\u00e9 \u00fa\u010dely jako je uvedeno v\u00fd\u0161e a\/nebo pro administrativn\u00ed a \u00fa\u010detn\u00ed \u00fa\u010dely v souladu s \u010dl. 6 odst. 1 p\u00edsm. f) a body 47 a 48 od\u016fvodn\u011bn\u00ed na\u0159\u00edzen\u00ed.<br><\/li><\/ul>\n\n\n\n<p><strong>6. P\u0158ED\u00c1V\u00c1N\u00cd OSOBN\u00cdCH \u00daDAJ\u016e<br><\/strong>N\u011bkter\u00e9 va\u0161e osobn\u00ed \u00fadaje jsou sd\u00edleny se subjekty, kter\u00e9 se mohou nach\u00e1zet mimo Evropsk\u00fd hospod\u00e1\u0159sk\u00fd prostor. Spr\u00e1vce \u00fadaj\u016f zaji\u0161\u0165uje, aby zpracov\u00e1n\u00ed va\u0161ich osobn\u00edch \u00fadaj\u016f t\u011bmito stranami prob\u00edhalo v souladu s \u010dl\u00e1nky 44\u201349 na\u0159\u00edzen\u00ed. P\u0159ed\u00e1v\u00e1n\u00ed m\u016f\u017ee b\u00fdt zalo\u017eeno na rozhodnut\u00ed o p\u0159im\u011b\u0159enosti nebo na standardn\u00edch smluvn\u00edch dolo\u017ek\u00e1ch schv\u00e1len\u00fdch Evropskou komis\u00ed nebo na jin\u00e9m vhodn\u00e9m pr\u00e1vn\u00edm z\u00e1klad\u011b. Dal\u0161\u00ed informace lze z\u00edskat zasl\u00e1n\u00edm p\u00edsemn\u00e9 \u017e\u00e1dosti spr\u00e1vci \u00fadaj\u016f na adresy uveden\u00e9 v \u010d\u00e1sti \u201eKontakty\u201c tohoto ozn\u00e1men\u00ed.<\/p>\n\n\n\n<p><strong>7. UCHOV\u00c1V\u00c1N\u00cd OSOBN\u00cdCH \u00daDAJ\u016e<br><\/strong>Osobn\u00ed \u00fadaje zpracov\u00e1van\u00e9 pro \u00fa\u010dely uveden\u00e9 v bodech a) a b) budou uchov\u00e1v\u00e1ny po dobu nezbytn\u011b nutnou k dosa\u017een\u00ed t\u011bchto \u00fa\u010del\u016f.<br>Pro \u00fa\u010dely uveden\u00e9 v bodech c) a d) budou va\u0161e osobn\u00ed \u00fadaje zpracov\u00e1v\u00e1ny po dobu nezbytn\u011b nutnou k dosa\u017een\u00ed \u00fa\u010delu, pro kter\u00fd byly shrom\u00e1\u017ed\u011bny, p\u0159i dodr\u017een\u00ed z\u00e1sady minimalizace uveden\u00e9 v \u010dl. 5 odst. 1 p\u00edsm. c) GDPR a v ka\u017ed\u00e9m p\u0159\u00edpad\u011b do odvol\u00e1n\u00ed va\u0161eho souhlasu. Po odvol\u00e1n\u00ed souhlasu budou \u00fadaje zpracov\u00e1van\u00e9 pro \u00fa\u010dely uveden\u00e9 v bodech c) a d) trvale vymaz\u00e1ny nebo anonymizov\u00e1ny.<br>Spr\u00e1vce \u00fadaj\u016f si obecn\u011b vyhrazuje pr\u00e1vo uchov\u00e1vat va\u0161e \u00fadaje tak dlouho, jak je to nezbytn\u00e9 pro spln\u011bn\u00ed jak\u00e9koli regula\u010dn\u00ed povinnosti, kter\u00e1 se na n\u011bj vztahuje, nebo pro spln\u011bn\u00ed jak\u00fdchkoli obrann\u00fdch pot\u0159eb. T\u00edm nen\u00ed dot\u010dena mo\u017enost spr\u00e1vce \u00fadaj\u016f uchov\u00e1vat va\u0161e osobn\u00ed \u00fadaje po dobu stanovenou a povolenou z\u00e1konem za \u00fa\u010delem ochrany sv\u00fdch z\u00e1jm\u016f (\u010dl. 2947 ob\u010dansk\u00e9ho z\u00e1kon\u00edku).<br>Dal\u0161\u00ed informace o dob\u011b uchov\u00e1v\u00e1n\u00ed \u00fadaj\u016f a krit\u00e9ri\u00edch pou\u017eit\u00fdch pro stanoven\u00ed t\u00e9to doby si m\u016f\u017eete vy\u017e\u00e1dat zasl\u00e1n\u00edm p\u00edsemn\u00e9 \u017e\u00e1dosti spr\u00e1vci \u00fadaj\u016f na adresy uveden\u00e9 v \u010d\u00e1sti \u201eKontakty\u201c tohoto ozn\u00e1men\u00ed.<\/p>\n\n\n\n<p><strong>8. PR\u00c1VA SUBJEKTU \u00daDAJ\u016e<br><\/strong>Podle \u010dl\u00e1nk\u016f 15\u201322 na\u0159\u00edzen\u00ed m\u00e1te pr\u00e1vo kdykoli z\u00edskat p\u0159\u00edstup ke sv\u00fdm osobn\u00edm \u00fadaj\u016fm. Zejm\u00e9na m\u016f\u017eete po\u017e\u00e1dat o opravu <em>(ex<\/em> \u010dl. 16), v\u00fdmaz <em>(<\/em> ex \u010dl. 17), omezen\u00ed <em>(ex<\/em> \u010dl. 18) a p\u0159enositelnost \u00fadaj\u016f <em>(ex<\/em> \u010dl. 20), o to, abyste nebyli p\u0159edm\u011btem rozhodnut\u00ed zalo\u017een\u00e9ho v\u00fdhradn\u011b na automatizovan\u00e9m zpracov\u00e1n\u00ed, v\u010detn\u011b <em>profilov\u00e1n\u00ed<\/em>, kter\u00e9 m\u00e1 pro v\u00e1s pr\u00e1vn\u00ed \u00fa\u010dinky nebo se v\u00e1s podobn\u00fdm zp\u016fsobem v\u00fdznamn\u011b dot\u00fdk\u00e1 <em>(ex<\/em> \u010dl. 22), jako\u017e i o odvol\u00e1n\u00ed souhlasu, kter\u00fd jste p\u0159\u00edpadn\u011b ud\u011blili (<em>ex<\/em> \u010dl. 7 odst. 3).<\/p>\n\n\n\n<p>D\u00e1le m\u016f\u017eete formulovat \u017e\u00e1dost s nesouhlasem o zpracov\u00e1n\u00ed osobn\u00edch \u00fadaj\u016f, ve kter\u00e9 zv\u00fdrazn\u00edte d\u016fvody oprav\u0148uj\u00edc\u00ed n\u00e1mitku: spr\u00e1vce \u00fadaj\u016f si vyhrazuje pr\u00e1vo posoudit va\u0161i \u017e\u00e1dost, kter\u00e9 by nebylo vyhov\u011bno v p\u0159\u00edpad\u011b existence z\u00e1va\u017en\u00fdch opr\u00e1vn\u011bn\u00fdch d\u016fvod\u016f pro zpracov\u00e1n\u00ed, kter\u00e9 p\u0159eva\u017euj\u00ed nad va\u0161imi z\u00e1jmy, pr\u00e1vy a svobodami. Rovn\u011b\u017e v\u00e1s informujeme, \u017ee m\u00e1te pr\u00e1vo kdykoli a bezd\u016fvodn\u011b vzn\u00e9st n\u00e1mitku proti <em>profilov\u00e1n\u00ed<\/em> a zas\u00edl\u00e1n\u00ed p\u0159\u00edm\u00e9ho marketingu automatizovan\u00fdmi prost\u0159edky (nap\u0159. SMS, MMS, e-mail, automatick\u00e9 volac\u00ed syst\u00e9my bez oper\u00e1tora, vyu\u017e\u00edv\u00e1n\u00ed soci\u00e1ln\u00edch s\u00edt\u00ed, push notifikace, WhatsApp, fax) a neautomatizovan\u00fdmi prost\u0159edky (b\u011b\u017en\u00e1 po\u0161ta, telefonn\u00ed hovory s oper\u00e1torem). Pokud jde o p\u0159\u00edm\u00fd marketing, mo\u017enost uplatn\u011bn\u00ed tohoto pr\u00e1va z\u016fst\u00e1v\u00e1 z\u010d\u00e1sti nedot\u010dena, nap\u0159\u00edklad vyhrazen\u00edm se pouze proti zas\u00edl\u00e1n\u00ed propaga\u010dn\u00edch sd\u011blen\u00ed prov\u00e1d\u011bn\u00fdch prost\u0159ednictv\u00edm automatizovan\u00fdch n\u00e1stroj\u016f.<br><br>\u017d\u00e1dosti by m\u011bly b\u00fdt adresov\u00e1ny p\u00edsemn\u011b spr\u00e1vci \u00fadaj\u016f na adresy uveden\u00e9 v \u010d\u00e1sti \u201eKontakty\u201c tohoto ozn\u00e1men\u00ed. V ka\u017ed\u00e9m p\u0159\u00edpad\u011b m\u00e1te v\u017edy pr\u00e1vo podat st\u00ed\u017enost u p\u0159\u00edslu\u0161n\u00e9ho dozorov\u00e9ho \u00fa\u0159adu (Garant pro ochranu osobn\u00edch \u00fadaj\u016f) podle \u010dl. 77 na\u0159\u00edzen\u00ed, pokud se domn\u00edv\u00e1te, \u017ee zpracov\u00e1n\u00ed va\u0161ich \u00fadaj\u016f je v rozporu s platn\u00fdmi pr\u00e1vn\u00edmi p\u0159edpisy, nebo se obr\u00e1tit na p\u0159\u00edslu\u0161n\u00e9 soudy podle \u010dl. 79 na\u0159\u00edzen\u00ed.<\/p>\n\n\n\n<p><strong>9. ZM\u011aNY<br><\/strong>Spr\u00e1vce \u00fadaj\u016f si vyhrazuje pr\u00e1vo na \u010d\u00e1ste\u010dnou nebo \u00faplnou zm\u011bnu \u010di aktualizaci obsahu, a to i v d\u016fsledku zm\u011bn platn\u00fdch pr\u00e1vn\u00edch p\u0159edpis\u016f. Spr\u00e1vce \u00fadaj\u016f v\u00e1s proto vyz\u00fdv\u00e1, abyste pravideln\u011b nav\u0161t\u011bvovali tuto sekci a seznamovali se s nejnov\u011bj\u0161\u00ed a aktu\u00e1ln\u00ed verz\u00ed t\u011bchto Z\u00e1sad ochrany osobn\u00edch \u00fadaj\u016f, abyste m\u011bli v\u017edy aktu\u00e1ln\u00ed informace o shroma\u017e\u010fovan\u00fdch \u00fadaj\u00edch a jejich pou\u017eit\u00ed spr\u00e1vcem \u00fadaj\u016f.<br><\/p>\n\n\n\n<p><strong>10. KONTAKTY<br><\/strong>Chcete-li uplatnit v\u00fd\u0161e uveden\u00e1 pr\u00e1va nebo podat jakoukoli jinou \u017e\u00e1dost, napi\u0161te spr\u00e1vci \u00fadaj\u016f na adresu <a rel=\"noreferrer noopener\" href=\"mailto:gdpr.holding@sofidel.com\" target=\"_blank\">gdpr.holding@sofidel.com<\/a>.<br>M\u016f\u017eete tak\u00e9 kontaktovat pov\u011b\u0159ence pro ochranu osobn\u00edch \u00fadaj\u016f v kancel\u00e1\u0159\u00edch spr\u00e1vce \u00fadaj\u016f na v\u00fd\u0161e uveden\u00e9 adrese a\/nebo e-mailem na adrese: <a rel=\"noreferrer noopener\" href=\"mailto:dpo.holding@sofidel.com\" target=\"_blank\">dpo.holding@sofidel.com<\/a>. <strong>\u00a0<\/strong><\/p>\n\n\n\n<div style=\"height:100px\" aria-hidden=\"true\" class=\"wp-block-spacer\"><\/div>\n","protected":false},"excerpt":{"rendered":"<p>Z\u00e1sady Ochrany Osobn\u00edch \u00dadaj\u016f V\u00e1\u017een\u00ed u\u017eivatel\u00e9, spole\u010dnost Sofidel respektuje va\u0161e soukrom\u00ed a chr\u00e1n\u00ed va\u0161e osobn\u00ed \u00fadaje. N\u00ed\u017ee naleznete informa\u010dn\u00ed sd\u011blen\u00ed vypracovan\u00e9 v souladu s \u010dl\u00e1nky 13 a 14 evropsk\u00e9ho na\u0159\u00edzen\u00ed \u010d. 679\/2016 o ochran\u011b osobn\u00edch \u00fadaj\u016f (d\u00e1le jen \u201ena\u0159\u00edzen\u00ed\u201c), kter\u00e9 se t\u00fdk\u00e1 zpracov\u00e1n\u00ed va\u0161ich osobn\u00edch \u00fadaj\u016f, je\u017e n\u00e1m poskytnete p\u0159i prohl\u00ed\u017een\u00ed na\u0161ich webov\u00fdch str\u00e1nek a\/nebo [&hellip;]<\/p>\n","protected":false},"author":4,"featured_media":0,"parent":0,"menu_order":0,"comment_status":"closed","ping_status":"closed","template":"privacy-cookie-page-template.php","meta":[],"meta_box":[],"_links":{"self":[{"href":"https:\/\/www.papernet.com\/cs\/wp-json\/wp\/v2\/pages\/16181"}],"collection":[{"href":"https:\/\/www.papernet.com\/cs\/wp-json\/wp\/v2\/pages"}],"about":[{"href":"https:\/\/www.papernet.com\/cs\/wp-json\/wp\/v2\/types\/page"}],"author":[{"embeddable":true,"href":"https:\/\/www.papernet.com\/cs\/wp-json\/wp\/v2\/users\/4"}],"replies":[{"embeddable":true,"href":"https:\/\/www.papernet.com\/cs\/wp-json\/wp\/v2\/comments?post=16181"}],"version-history":[{"count":10,"href":"https:\/\/www.papernet.com\/cs\/wp-json\/wp\/v2\/pages\/16181\/revisions"}],"predecessor-version":[{"id":19167,"href":"https:\/\/www.papernet.com\/cs\/wp-json\/wp\/v2\/pages\/16181\/revisions\/19167"}],"wp:attachment":[{"href":"https:\/\/www.papernet.com\/cs\/wp-json\/wp\/v2\/media?parent=16181"}],"curies":[{"name":"wp","href":"https:\/\/api.w.org\/{rel}","templated":true}]}}