{"id":16175,"date":"2021-12-21T16:14:56","date_gmt":"2021-12-21T16:14:56","guid":{"rendered":"https:\/\/www.papernet.com\/contatti\/"},"modified":"2023-03-08T16:31:19","modified_gmt":"2023-03-08T15:31:19","slug":"contatti","status":"publish","type":"page","link":"https:\/\/www.papernet.com\/cs\/kontaktujte-nas\/","title":{"rendered":"Kontaktujte n\u00e1s"},"content":{"rendered":"<div class=\"half-color-background-block-content\" style=\"background: linear-gradient(#110F41 33%, transparent 33%);\">  \n    <div class=\"container-fluid container-lg\">        \n        <div class=\"row\">\n            <div class=\"col-12\">\n                <div class=\"content-wrapper d-none d-lg-block\" style=\"border-bottom: 4px solid #110F41;\">\n                    <div class=\"row\">\n                        <div class=\"col-5\">\n                            <div class=\"text-wrapper d-flex align-items-center justify-content-center h-100\">\n                                <div class=\"row\">\n                                    <div class=\"col-10 mx-auto\">\n                                        <div class=\"title\">\n                                            <h1>Jak V\u00e1m m\u016f\u017eeme pomoci?<\/h1>\n                                        <\/div>\n                                        <div class=\"subtitle\">\n                                            <p><p>Po\u017e\u00e1dejte o informace a podporu k v\u00fdrobk\u016fm Papernet.<\/p>\n<\/p>\n                                        <\/div>\n                                    <\/div>\n                                <\/div>\n                            <\/div>\n                        <\/div>\n                        <div class=\"col-7\">\n                            <div class=\"image-wrapper h-100\">\n                                <div class=\"product-image position-relative\">\n                                                                                                                        <img width=\"1024\" height=\"676\" src=\"https:\/\/www.papernet.com\/wp-content\/uploads\/2021\/12\/contatti-index@2x-2-1024x676.png\" class=\"img-fluid img-cover h-100 w-100\" alt=\"\" loading=\"lazy\" srcset=\"https:\/\/www.papernet.com\/wp-content\/uploads\/2021\/12\/contatti-index@2x-2-1024x676.png 1024w, https:\/\/www.papernet.com\/wp-content\/uploads\/2021\/12\/contatti-index@2x-2-300x198.png 300w, https:\/\/www.papernet.com\/wp-content\/uploads\/2021\/12\/contatti-index@2x-2-768x507.png 768w, https:\/\/www.papernet.com\/wp-content\/uploads\/2021\/12\/contatti-index@2x-2-1536x1014.png 1536w, https:\/\/www.papernet.com\/wp-content\/uploads\/2021\/12\/contatti-index@2x-2.png 1611w\" \/>                                                                                                                <\/div>\n                            <\/div>\n                        <\/div>\n                    <\/div>\n                <\/div>\n                <div class=\"content-wrapper-mobile d-block d-lg-none\" style=\"border-bottom: 4px solid #110F41;\">\n                    <div class=\"row\">\n                        <div class=\"col-12\">\n                            <div class=\"image-wrapper h-100\">\n                                <div class=\"product-image position-relative\">\n                                                                                                                        <img width=\"1024\" height=\"676\" src=\"https:\/\/www.papernet.com\/wp-content\/uploads\/2021\/12\/contatti-index@2x-2-1024x676.png\" class=\"img-fluid img-cover h-100 w-100\" alt=\"\" loading=\"lazy\" srcset=\"https:\/\/www.papernet.com\/wp-content\/uploads\/2021\/12\/contatti-index@2x-2-1024x676.png 1024w, https:\/\/www.papernet.com\/wp-content\/uploads\/2021\/12\/contatti-index@2x-2-300x198.png 300w, https:\/\/www.papernet.com\/wp-content\/uploads\/2021\/12\/contatti-index@2x-2-768x507.png 768w, https:\/\/www.papernet.com\/wp-content\/uploads\/2021\/12\/contatti-index@2x-2-1536x1014.png 1536w, https:\/\/www.papernet.com\/wp-content\/uploads\/2021\/12\/contatti-index@2x-2.png 1611w\" \/>                                                                                                                <\/div>\n                            <\/div>\n                        <\/div>\n                        <div class=\"col-10 mx-auto mt-5\">\n                            <div class=\"text-wrapper\">\n                                <div class=\"title\">\n                                    <h1>Jak V\u00e1m m\u016f\u017eeme pomoci?<\/h1>\n                                <\/div>\n                                <div class=\"subtitle\">\n                                    <p><p>Po\u017e\u00e1dejte o informace a podporu k v\u00fdrobk\u016fm Papernet.<\/p>\n<\/p>\n                                <\/div>\n                            <\/div>\n                        <\/div>\n                    <\/div>\n                <\/div>\n            <\/div>\n        <\/div>\n    <\/div>    \n        <div class=\"container-fluid container-lg mt-3\">\n        <div class=\"row\">\n            <div class=\"col-12\">\n                <div class=\"breadcrumb-wrapper d-lg-flex d-none d-flex align-items-center justify-content-start\">\n                                            <a class=\"ps-0\" href=\"https:\/\/www.papernet.com\/cs\/\"><i class=\"far fa-home\"><\/i><\/a>\n                                                                                                                                                                                                                    &raquo;<p class=\"m-0\">Kontaktujte n\u00e1s<\/p>\n                                                            <\/div>\n            <\/div>\n        <\/div>\n    <\/div>\n<\/div>\n\n\n<input type=\"hidden\" id=\"_wpnonce\" name=\"_wpnonce\" value=\"5ca6c6c32e\" \/><input type=\"hidden\" name=\"_wp_http_referer\" value=\"\/cs\/wp-json\/wp\/v2\/pages\/16175\" \/>    <div id=\"papernet-contact-us-form-wrapper\" class=\"container-fluid container-lg\">\r\n        <div class=\"row\">\r\n            <div class=\"col-10 mx-auto my-40\">\r\n                <div class=\"title\">\r\n                    <h1>Vyplnit formul\u00e1\u0159<\/h1>                                    <\/div>\r\n            <\/div>\r\n            <div class=\"col-12\">\r\n                <div class=\"outer-form-wrapper d-flex justify-content-center align-items-center\">\r\n                    <div class=\"inner-wrapper w-100\">\r\n                        <form id=\"papernet-contact-form\" action=\"\" method=\"POST\">\r\n                            <script type=\"text\/javascript\">\r\n                                var onloadCallback = function() {\r\n                                    grecaptcha.render('html_element', {\r\n                                        'sitekey': '6LcoDrIZAAAAAKL70eW_t6Esd-1ui3gfyCyVyXzq'\r\n                                    });\r\n                                };\r\n                            <\/script>\r\n                            <input type=\"hidden\" id=\"_wpnonce\" name=\"_wpnonce\" value=\"5ca6c6c32e\" \/><input type=\"hidden\" name=\"_wp_http_referer\" value=\"\/cs\/wp-json\/wp\/v2\/pages\/16175\" \/>                            <input type=\"hidden\" id=\"general-mail\" name=\"general-mail\" value=\"contact@papernet.com\" \/>\r\n                            <input type=\"hidden\" id=\"contacts-thankyou-page\" name=\"thankyou-page\" value=\"https:\/\/www.papernet.com\/cs\/thank-you-page\/\" \/>\r\n                            <div class=\"select-submitter\">\r\n                                <h4><\/h4>\r\n                            <\/div>\r\n                            <!--\r\n                            <div id=\"destination-country\" class=\"destination-country row d-none\">\r\n                                <div class=\"input-wrapper col-12 col-lg-6\">\r\n                                    <label for=\"destination_country\" class=\"label-style\"><\/label>\r\n                                    <div class=\"select-wrapper fas w-100\">\r\n                                        <select class=\"input-style w-100\" id=\"destination_country\" name=\"destination_country\">\r\n                                            <option selected disabled><\/option>\r\n                                                                                            <option value=\"\"><\/option>\r\n                                                                                    <\/select>\r\n                                    <\/div>\r\n                                <\/div>\r\n                            <\/div>\r\n                            -->\r\n                            <div class=\"form\">\r\n                                <div class=\"row\">\r\n                                    <div class=\"col-12 col-lg-6\">\r\n                                        <div class=\"input-wrapper\">\r\n                                            <label for=\"name\" class=\"label-style\">Jm\u00e9no*<\/label>\r\n                                            <input class=\"input-style w-100\" type=\"text\" id=\"name\" name=\"name\" \/>\r\n                                        <\/div>\r\n                                    <\/div>\r\n                                    <div class=\"col-12 col-lg-6\">\r\n                                        <div class=\"input-wrapper\">\r\n                                            <label for=\"surname\" class=\"label-style\">P\u0159\u00edjmen\u00ed*<\/label>\r\n                                            <input class=\"input-style w-100\" type=\"text\" id=\"surname\" name=\"surname\" \/>\r\n                                        <\/div>\r\n                                    <\/div>\r\n                                    <div class=\"col-12 col-lg-6\">\r\n                                        <div class=\"input-wrapper\">\r\n                                            <label for=\"email\" class=\"label-style\">Email*<\/label>\r\n                                            <input class=\"input-style w-100\" type=\"email\" id=\"email\" name=\"email\" \/>\r\n                                        <\/div>\r\n                                    <\/div>\r\n                                    <div class=\"col-12 col-lg-6\">\r\n                                        <div class=\"input-wrapper\">\r\n                                            <label for=\"email_confirm\" class=\"label-style\">Potvr\u010fte email*<\/label>\r\n                                            <input class=\"input-style w-100\" type=\"email\" id=\"email_confirm\" name=\"email_confirm\" \/>\r\n                                        <\/div>\r\n                                    <\/div>\r\n\r\n                                    <div class=\"col-12 col-lg-6\">\r\n                                        <div class=\"input-wrapper\">\r\n                                            <label for=\"social_reason\" class=\"label-style\">N\u00e1zev spole\u010dnosti*<\/label>\r\n                                            <input class=\"input-style w-100\" type=\"text\" id=\"social_reason\" name=\"social_reason\" \/>\r\n                                        <\/div>\r\n                                    <\/div>\r\n                                    <!--<div class=\"col-12 col-lg-6\">\r\n                                        <div class=\"input-wrapper\">\r\n                                            <label for=\"membership_sector\" class=\"label-style\"><\/label>\r\n                                            <div class=\"select-wrapper fas w-100\">\r\n                                                <select class=\"input-style w-100\" id=\"membership_sector\" name=\"membership_sector\">\r\n                                                    <option selected disabled><\/option>\r\n                                                                                                            <option value=\"\"><\/option>\r\n                                                                                                    <\/select>\r\n                                            <\/div>\r\n                                        <\/div>\r\n                                    <\/div>-->\r\n                                    <div class=\"col-12 col-lg-6\">\r\n                                        <div class=\"input-wrapper\">\r\n                                            <label for=\"telephone\" class=\"label-style\">Telefon*<\/label>\r\n                                            <input class=\"input-style w-100\" type=\"text\" id=\"telephone\" name=\"telephone\" \/>\r\n                                        <\/div>\r\n                                    <\/div>\r\n                                    <div class=\"col-12 col-lg-6\">\r\n                                        <div class=\"input-wrapper\">\r\n                                            <label for=\"country\" class=\"label-style\">St\u00e1t*<\/label>\r\n                                            <input class=\"input-style w-100\" type=\"text\" id=\"country\" name=\"country\" \/>\r\n                                        <\/div>\r\n                                    <\/div>\r\n                                    <div class=\"col-12 col-lg-6\">\r\n                                        <div class=\"input-wrapper\">\r\n                                            <label for=\"zip_code\" class=\"label-style\">Cod posta*<\/label>\r\n                                            <input class=\"input-style w-100\" id=\"zip_code\" name=\"zip_code\" \/>\r\n                                        <\/div>\r\n                                    <\/div>\r\n                                    <div class=\"col-12 col-lg-6\">\r\n                                        <div class=\"input-wrapper\">\r\n                                            <label for=\"city\" class=\"label-style\">M\u011bsto*<\/label>\r\n                                            <input class=\"input-style w-100\" type=\"text\" id=\"city\" name=\"city\" \/>\r\n                                        <\/div>\r\n                                    <\/div>\r\n                                    <div class=\"col-12 col-lg-6\">\r\n                                        <div class=\"input-wrapper\">\r\n                                            <label for=\"province\" class=\"label-style\">Provincie*<\/label>\r\n                                            <input class=\"input-style w-100\" type=\"text\" id=\"province\" name=\"province\" \/>\r\n                                        <\/div>\r\n                                    <\/div>\r\n                                    <div class=\"col-12\">\r\n                                        <div class=\"input-wrapper\">\r\n                                            <label for=\"sector\" class=\"label-style\">Sector<\/label>\r\n\r\n                                            <div class=\"select-wrapper fas w-100\">\r\n                                                <select class=\"input-style w-100\" id=\"sector\" name=\"sector\">\r\n                                                    <option selected disabled>Choose a sector*<\/option>\r\n                                                    <option value=\"HO.RE.CA\">HO.RE.CA<\/option>\r\n                                                    <option value=\"Industry\">Industry<\/option>\r\n                                                    <option value=\"Healthcare\">Healthcare<\/option>\r\n                                                    <option value=\"Other\">Other<\/option>\r\n                                                <\/select>\r\n                                            <\/div>\r\n                                        <\/div>\r\n                                    <\/div>\r\n                                    <div class=\"col-12 col-lg-12\">\r\n                                        <div class=\"input-wrapper\">\r\n                                            <label for=\"message\" class=\"label-style\">Zpr\u00e1va*<\/label>\r\n                                            <textarea class=\"input-style textarea-height w-100\" id=\"message\" name=\"message\"><\/textarea>\r\n                                        <\/div>\r\n                                    <\/div>\r\n                                    <div class=\"col-12\">\r\n                                        <p>Pole ozna\u010den\u00e1 * jsou povinn\u00e1.<\/p>\r\n                                    <\/div>\r\n                                <\/div>\r\n                            <\/div>\r\n                            <div class=\"ending-wrapper\">\r\n                                <p><i>P\u0159e\u010detl\/a a porozum\u011bl\/a jsem z\u00e1sad\u00e1m ochrany osobn\u00edch \u00fadaj\u016f poskytnut\u00fdch spr\u00e1vcem \u00fadaj\u016f, kter\u00e9 se nach\u00e1zej\u00ed na <a href=\"\/cs\/zasady-ochrany-osobnich-udaju\/\">t\u00e9to str\u00e1nce:<\/a><\/i><i><\/p>\r\n                                <div class=\"second-agreement\">\r\n                                    <div class=\"input-wrapper\">\r\n                                        <input type=\"checkbox\" id=\"marketing-checkbox\" name=\"marketing-checkbox\" value=\"true\" \/>\r\n                                        <label for=\"marketing-checkbox\" class=\"ms-2\"><i>Souhlas\u00edm<\/i><\/label>\r\n                                    <\/div>\r\n                                    <p><i>se zpracov\u00e1n\u00edm sv\u00fdch osobn\u00edch \u00fadaj\u016f pro propaga\u010dn\u00ed a marketingov\u00e9 \u00fa\u010dely informa\u010dn\u00edch bulletin\u016f, propaga\u010dn\u00edch nab\u00eddek, obchodn\u00edch iniciativ, reklamn\u00edch materi\u00e1l\u016f, p\u0159\u00edm\u00e9ho prodeje a pr\u016fzkumu trhu o produktech a slu\u017eb\u00e1ch spr\u00e1vce \u00fadaj\u016f a\/nebo obchodn\u00edch partner\u016f, jako\u017e i pozv\u00e1nek na akce a iniciativy po\u0159\u00e1dan\u00e9 spr\u00e1vcem \u00fadaj\u016f nebo spole\u010dnostmi skupiny, a to jak prost\u0159ednictv\u00edm automatizovan\u00fdch n\u00e1stroj\u016f (SMS, MMS, e-mail, fax, automatizovan\u00e9 syst\u00e9my vol\u00e1n\u00ed bez oper\u00e1tora, pou\u017e\u00edv\u00e1n\u00ed soci\u00e1ln\u00edch s\u00edt\u00ed, WhatsApp) i neautomatizovan\u00fdch n\u00e1stroj\u016f (b\u011b\u017en\u00e1 po\u0161ta, telefonn\u00ed hovory s oper\u00e1torem);<\/i><\/p>\r\n                                <\/div>\r\n                                <div class=\"third-agreement\">\r\n                                    <div class=\"input-wrapper\">\r\n                                        <input type=\"checkbox\" id=\"analyse-checkbox\" name=\"analyse-checkbox\" value=\"true\" \/>\r\n                                        <label for=\"analyse-checkbox\" class=\"ms-2\"><i>Souhlas\u00edm<\/i><\/label>\r\n                                    <\/div>\r\n                                    <p><i>se zpracov\u00e1n\u00edm sv\u00fdch osobn\u00edch \u00fadaj\u016f spr\u00e1vcem \u00fadaj\u016f pro \u00fa\u010dely anal\u00fdzy m\u00fdch n\u00e1kupn\u00edch rozhodnut\u00ed a preferenc\u00ed chov\u00e1n\u00ed za \u00fa\u010delem lep\u0161\u00edho strukturov\u00e1n\u00ed personalizovan\u00fdch sd\u011blen\u00ed a obchodn\u00edch nab\u00eddek, prov\u00e1d\u011bn\u00ed obecn\u00fdch anal\u00fdz pro \u00fa\u010dely strategick\u00e9 orientace a obchodn\u00edho zpravodajstv\u00ed a obecn\u011b pro profilovac\u00ed \u010dinnosti.<\/i><br><\/p>\r\n                                <\/div>\r\n                                <div id=\"html_element\" class=\"mb-3\"><\/div>\r\n                                <div class=\"submit-wrapper\">\r\n                                    <input id=\"papernet-contact-submit\" type=\"submit\" value=\"Odeslat\" name=\"submit\">\r\n                                <\/div>\r\n                            <\/div>\r\n                        <\/form>\r\n                        <script src=\"https:\/\/www.google.com\/recaptcha\/api.js?onload=onloadCallback&#038;render=explicit\" async defer>\r\n                        <\/script>\r\n                    <\/div>\r\n                <\/div>\r\n            <\/div>\r\n        <\/div>\r\n    <\/div>\r\n\n\n\n<p><\/p>\n","protected":false},"excerpt":{"rendered":"","protected":false},"author":4,"featured_media":0,"parent":0,"menu_order":0,"comment_status":"closed","ping_status":"closed","template":"","meta":[],"meta_box":[],"_links":{"self":[{"href":"https:\/\/www.papernet.com\/cs\/wp-json\/wp\/v2\/pages\/16175"}],"collection":[{"href":"https:\/\/www.papernet.com\/cs\/wp-json\/wp\/v2\/pages"}],"about":[{"href":"https:\/\/www.papernet.com\/cs\/wp-json\/wp\/v2\/types\/page"}],"author":[{"embeddable":true,"href":"https:\/\/www.papernet.com\/cs\/wp-json\/wp\/v2\/users\/4"}],"replies":[{"embeddable":true,"href":"https:\/\/www.papernet.com\/cs\/wp-json\/wp\/v2\/comments?post=16175"}],"version-history":[{"count":6,"href":"https:\/\/www.papernet.com\/cs\/wp-json\/wp\/v2\/pages\/16175\/revisions"}],"predecessor-version":[{"id":21488,"href":"https:\/\/www.papernet.com\/cs\/wp-json\/wp\/v2\/pages\/16175\/revisions\/21488"}],"wp:attachment":[{"href":"https:\/\/www.papernet.com\/cs\/wp-json\/wp\/v2\/media?parent=16175"}],"curies":[{"name":"wp","href":"https:\/\/api.w.org\/{rel}","templated":true}]}}